{"id":1230,"date":"2026-03-24T15:30:26","date_gmt":"2026-03-24T15:30:26","guid":{"rendered":"https:\/\/enklev.com\/?page_id=1230"},"modified":"2026-03-27T20:18:55","modified_gmt":"2026-03-27T20:18:55","slug":"shipping","status":"publish","type":"page","link":"https:\/\/enklev.com\/sq\/shipping\/","title":{"rendered":"M\u00ebnyra e d\u00ebrges\u00ebs &amp; Porosia"},"content":{"rendered":"<h3 class=\"wp-block-heading\">M\u00ebnyra e d\u00ebrges\u00ebs<\/h3>\n\n\n\n<p class=\"translation-block\">M\u00ebnyra e d\u00ebrges\u00ebs:\nKoha e marrjes = Koha e p\u00ebrgatitjes + Koha e transportit<\/p>\n\n\n\n<p><strong>Koha e p\u00ebrgatitjes:<\/strong><\/p>\n\n\n\n<ul class=\"wp-block-list\">\n<li>Produkte gjendje: 1\u20132 dit\u00eb pune<\/li>\n\n\n\n<li>Produkte me porosi (custom): 3\u201310 dit\u00eb pune<\/li>\n<\/ul>\n\n\n\n<p><strong>Koha e mb\u00ebrritjes<\/strong><\/p>\n\n\n\n<figure class=\"wp-block-table\"><table class=\"has-fixed-layout\"><thead><tr><th>Destinacioni<\/th><th>M\u00ebnyra e d\u00ebrges\u00ebs<\/th><th>Koha e mb\u00ebrritjes<\/th><th>Kosto<\/th><\/tr><\/thead><tbody><tr><td>Shqip\u00ebri<\/td><td>D\u00ebrges\u00eb standarte<\/td><td>24-48 or\u00eb<\/td><td>Falas\/Duke iu referuar porosis\u00eb<\/td><\/tr><tr><td>Shqip\u00ebri<\/td><td>T\u00ebrheqje n\u00eb dyqan<\/td><td>1-2 dit\u00eb pune<\/td><td>Falas<\/td><\/tr><\/tbody><\/table><\/figure>\n\n\n\n<p><strong>M\u00ebnyra e pages\u00ebs<\/strong><\/p>\n\n\n\n<ul class=\"wp-block-list\">\n<li>Para n\u00eb dor\u00eb<\/li>\n\n\n\n<li>Transfert\u00eb bankare<\/li>\n\n\n\n<li>Mund\u00ebsi t\u00ebrheqjeje n\u00eb dyqan<\/li>\n<\/ul>\n\n\n\n<p>Konfirmimi i d\u00ebrges\u00ebs do t\u00eb d\u00ebrgohet pasi porosia juaj t\u00eb jet\u00eb p\u00ebrpunuar dhe nisur. N\u00ebse d\u00ebshironi t\u00eb kontrolloni statusin e porosis\u00eb, ju lutem kontaktoni sh\u00ebrbimin ndaj klientit.<\/p>\n\n\n\n<h3 class=\"wp-block-heading\">Sh\u00ebnim<\/h3>\n\n\n\n<ul class=\"wp-block-list\">\n<li>Koha e dor\u00ebzimit mund t\u00eb ndikohet nga festat zyrtare, kushtet e motit, vonesat nga korrieri ose zonat e larg\u00ebta t\u00eb dor\u00ebzimit.<\/li>\n\n\n\n<li>P\u00ebr produktet me porosi, koha e prodhimit shtohet mbi koh\u00ebn e transportit.<\/li>\n\n\n\n<li>Ju lutem vendosni sakt\u00eb numrin e telefonit dhe adres\u00ebn gjat\u00eb porosis\u00eb p\u00ebr t\u00eb shmangur probleme n\u00eb dor\u00ebzim.<\/li>\n\n\n\n<li>Ne nuk mbajm\u00eb p\u00ebrgjegj\u00ebsi p\u00ebr vonesa t\u00eb shkaktuara nga t\u00eb dh\u00ebna t\u00eb pasakta t\u00eb vendosura nga klienti.<\/li>\n<\/ul>\n\n\n\n<h3 class=\"wp-block-heading\">Kujdes<\/h3>\n\n\n\n<p class=\"translation-block\">P\u00ebr nj\u00eb dor\u00ebzim t\u00eb suksessh\u00ebm, ju sugjerojm\u00eb t\u00eb lini nj\u00eb num\u00ebr telefoni aktiv gjat\u00eb procesit t\u00eb porosis\u00eb.\n<br>\n<br>\nN\u00ebse dor\u00ebzimi d\u00ebshton p\u00ebr shkak t\u00eb numrit t\u00eb pasakt\u00eb ose munges\u00ebs s\u00eb tij, kompensimi mund t\u00eb mos jet\u00eb i mundur.<\/p>\n\n\n\n<p>N\u00ebse keni pyetje, ju lutem kontaktoni sh\u00ebrbimin ndaj klientit.<\/p>","protected":false},"excerpt":{"rendered":"<p>Shipping Method Shipping Method:Receiving time = Processing time + Shipping time Processing time: Shipping time: Destination Shipping Method Delivery Time Cost Albania Standard Shipping 24\u201348 business hours Free \/ According to order Albania Store Pickup 1\u20132 business days Free Payment options: Your shipping confirmation will be sent once your order has been processed and dispatched. [&hellip;]<\/p>\n","protected":false},"author":2,"featured_media":0,"parent":0,"menu_order":0,"comment_status":"closed","ping_status":"closed","template":"","meta":{"footnotes":""},"class_list":["post-1230","page","type-page","status-publish","hentry"],"yoast_head":"<!-- This site is optimized with the Yoast SEO plugin v27.4 - https:\/\/yoast.com\/product\/yoast-seo-wordpress\/ -->\n<title>Shipping Method &amp; Order - enklev.com<\/title>\n<meta name=\"robots\" content=\"noindex, follow, max-snippet:-1, max-image-preview:large, max-video-preview:-1\" \/>\n<meta property=\"og:locale\" content=\"sq_AL\" \/>\n<meta property=\"og:type\" content=\"article\" \/>\n<meta property=\"og:title\" content=\"Shipping Method &amp; Order - enklev.com\" \/>\n<meta property=\"og:description\" content=\"Shipping Method Shipping Method:Receiving time = Processing time + Shipping time Processing time: Shipping time: Destination Shipping Method Delivery Time Cost Albania Standard Shipping 24\u201348 business hours Free \/ According to order Albania Store Pickup 1\u20132 business days Free Payment options: Your shipping confirmation will be sent once your order has been processed and dispatched. [&hellip;]\" \/>\n<meta property=\"og:url\" content=\"https:\/\/enklev.com\/sq\/shipping\/\" \/>\n<meta property=\"og:site_name\" content=\"enklev.com\" \/>\n<meta property=\"article:modified_time\" content=\"2026-03-27T20:18:55+00:00\" \/>\n<meta name=\"twitter:card\" content=\"summary_large_image\" \/>\n<meta name=\"twitter:label1\" content=\"Est. reading time\" \/>\n\t<meta name=\"twitter:data1\" content=\"1 minut\u00eb\" \/>\n<script type=\"application\/ld+json\" class=\"yoast-schema-graph\">{\"@context\":\"https:\\\/\\\/schema.org\",\"@graph\":[{\"@type\":\"WebPage\",\"@id\":\"https:\\\/\\\/enklev.com\\\/shipping\\\/\",\"url\":\"https:\\\/\\\/enklev.com\\\/shipping\\\/\",\"name\":\"Shipping Method &amp; Order - enklev.com\",\"isPartOf\":{\"@id\":\"https:\\\/\\\/enklev.com\\\/#website\"},\"datePublished\":\"2026-03-24T15:30:26+00:00\",\"dateModified\":\"2026-03-27T20:18:55+00:00\",\"breadcrumb\":{\"@id\":\"https:\\\/\\\/enklev.com\\\/shipping\\\/#breadcrumb\"},\"inLanguage\":\"sq\",\"potentialAction\":[{\"@type\":\"ReadAction\",\"target\":[\"https:\\\/\\\/enklev.com\\\/shipping\\\/\"]}]},{\"@type\":\"BreadcrumbList\",\"@id\":\"https:\\\/\\\/enklev.com\\\/shipping\\\/#breadcrumb\",\"itemListElement\":[{\"@type\":\"ListItem\",\"position\":1,\"name\":\"Home\",\"item\":\"https:\\\/\\\/enklev.com\\\/\"},{\"@type\":\"ListItem\",\"position\":2,\"name\":\"Shipping Method &amp; Order\"}]},{\"@type\":\"WebSite\",\"@id\":\"https:\\\/\\\/enklev.com\\\/#website\",\"url\":\"https:\\\/\\\/enklev.com\\\/\",\"name\":\"enklev.com\",\"description\":\"\",\"publisher\":{\"@id\":\"https:\\\/\\\/enklev.com\\\/#organization\"},\"potentialAction\":[{\"@type\":\"SearchAction\",\"target\":{\"@type\":\"EntryPoint\",\"urlTemplate\":\"https:\\\/\\\/enklev.com\\\/?s={search_term_string}\"},\"query-input\":{\"@type\":\"PropertyValueSpecification\",\"valueRequired\":true,\"valueName\":\"search_term_string\"}}],\"inLanguage\":\"sq\"},{\"@type\":\"Organization\",\"@id\":\"https:\\\/\\\/enklev.com\\\/#organization\",\"name\":\"enklev.com\",\"url\":\"https:\\\/\\\/enklev.com\\\/\",\"logo\":{\"@type\":\"ImageObject\",\"inLanguage\":\"sq\",\"@id\":\"https:\\\/\\\/enklev.com\\\/#\\\/schema\\\/logo\\\/image\\\/\",\"url\":\"https:\\\/\\\/enklev.com\\\/wp-content\\\/uploads\\\/2025\\\/12\\\/303998892_477724231033153_5307318255116911891_n-Photoroom-e1774529994874.png\",\"contentUrl\":\"https:\\\/\\\/enklev.com\\\/wp-content\\\/uploads\\\/2025\\\/12\\\/303998892_477724231033153_5307318255116911891_n-Photoroom-e1774529994874.png\",\"width\":450,\"height\":225,\"caption\":\"enklev.com\"},\"image\":{\"@id\":\"https:\\\/\\\/enklev.com\\\/#\\\/schema\\\/logo\\\/image\\\/\"}}]}<\/script>\n<!-- \/ Yoast SEO plugin. -->","yoast_head_json":{"title":"Shipping Method &amp; Order - enklev.com","robots":{"index":"noindex","follow":"follow","max-snippet":"max-snippet:-1","max-image-preview":"max-image-preview:large","max-video-preview":"max-video-preview:-1"},"og_locale":"sq_AL","og_type":"article","og_title":"Shipping Method &amp; Order - enklev.com","og_description":"Shipping Method Shipping Method:Receiving time = Processing time + Shipping time Processing time: Shipping time: Destination Shipping Method Delivery Time Cost Albania Standard Shipping 24\u201348 business hours Free \/ According to order Albania Store Pickup 1\u20132 business days Free Payment options: Your shipping confirmation will be sent once your order has been processed and dispatched. [&hellip;]","og_url":"https:\/\/enklev.com\/sq\/shipping\/","og_site_name":"enklev.com","article_modified_time":"2026-03-27T20:18:55+00:00","twitter_card":"summary_large_image","twitter_misc":{"Est. reading time":"1 minut\u00eb"},"schema":{"@context":"https:\/\/schema.org","@graph":[{"@type":"WebPage","@id":"https:\/\/enklev.com\/shipping\/","url":"https:\/\/enklev.com\/shipping\/","name":"Shipping Method &amp; Order - enklev.com","isPartOf":{"@id":"https:\/\/enklev.com\/#website"},"datePublished":"2026-03-24T15:30:26+00:00","dateModified":"2026-03-27T20:18:55+00:00","breadcrumb":{"@id":"https:\/\/enklev.com\/shipping\/#breadcrumb"},"inLanguage":"sq","potentialAction":[{"@type":"ReadAction","target":["https:\/\/enklev.com\/shipping\/"]}]},{"@type":"BreadcrumbList","@id":"https:\/\/enklev.com\/shipping\/#breadcrumb","itemListElement":[{"@type":"ListItem","position":1,"name":"Home","item":"https:\/\/enklev.com\/"},{"@type":"ListItem","position":2,"name":"Shipping Method &amp; Order"}]},{"@type":"WebSite","@id":"https:\/\/enklev.com\/#website","url":"https:\/\/enklev.com\/","name":"enklev.com","description":"","publisher":{"@id":"https:\/\/enklev.com\/#organization"},"potentialAction":[{"@type":"SearchAction","target":{"@type":"EntryPoint","urlTemplate":"https:\/\/enklev.com\/?s={search_term_string}"},"query-input":{"@type":"PropertyValueSpecification","valueRequired":true,"valueName":"search_term_string"}}],"inLanguage":"sq"},{"@type":"Organization","@id":"https:\/\/enklev.com\/#organization","name":"enklev.com","url":"https:\/\/enklev.com\/","logo":{"@type":"ImageObject","inLanguage":"sq","@id":"https:\/\/enklev.com\/#\/schema\/logo\/image\/","url":"https:\/\/enklev.com\/wp-content\/uploads\/2025\/12\/303998892_477724231033153_5307318255116911891_n-Photoroom-e1774529994874.png","contentUrl":"https:\/\/enklev.com\/wp-content\/uploads\/2025\/12\/303998892_477724231033153_5307318255116911891_n-Photoroom-e1774529994874.png","width":450,"height":225,"caption":"enklev.com"},"image":{"@id":"https:\/\/enklev.com\/#\/schema\/logo\/image\/"}}]}},"_links":{"self":[{"href":"https:\/\/enklev.com\/sq\/wp-json\/wp\/v2\/pages\/1230","targetHints":{"allow":["GET"]}}],"collection":[{"href":"https:\/\/enklev.com\/sq\/wp-json\/wp\/v2\/pages"}],"about":[{"href":"https:\/\/enklev.com\/sq\/wp-json\/wp\/v2\/types\/page"}],"author":[{"embeddable":true,"href":"https:\/\/enklev.com\/sq\/wp-json\/wp\/v2\/users\/2"}],"replies":[{"embeddable":true,"href":"https:\/\/enklev.com\/sq\/wp-json\/wp\/v2\/comments?post=1230"}],"version-history":[{"count":2,"href":"https:\/\/enklev.com\/sq\/wp-json\/wp\/v2\/pages\/1230\/revisions"}],"predecessor-version":[{"id":1486,"href":"https:\/\/enklev.com\/sq\/wp-json\/wp\/v2\/pages\/1230\/revisions\/1486"}],"wp:attachment":[{"href":"https:\/\/enklev.com\/sq\/wp-json\/wp\/v2\/media?parent=1230"}],"curies":[{"name":"wp","href":"https:\/\/api.w.org\/{rel}","templated":true}]}}