{"id":1514,"date":"2026-03-27T22:45:10","date_gmt":"2026-03-27T22:45:10","guid":{"rendered":"https:\/\/enklev.com\/?page_id=1514"},"modified":"2026-03-27T22:47:55","modified_gmt":"2026-03-27T22:47:55","slug":"cookie-policy","status":"publish","type":"page","link":"https:\/\/enklev.com\/sq\/cookie-policy\/","title":{"rendered":"Politikat Cookie"},"content":{"rendered":"<div data-elementor-type=\"wp-page\" data-elementor-id=\"1514\" class=\"elementor elementor-1514\" data-elementor-post-type=\"page\">\n\t\t\t\t<div class=\"elementor-element elementor-element-feab550 e-flex e-con-boxed e-con e-parent\" data-id=\"feab550\" data-element_type=\"container\" data-e-type=\"container\">\n\t\t\t\t\t<div class=\"e-con-inner\">\n\t\t\t\t<div class=\"elementor-element elementor-element-3ee9cd6 elementor-widget elementor-widget-text-editor\" data-id=\"3ee9cd6\" data-element_type=\"widget\" data-e-type=\"widget\" data-no-translation=\"\" data-widget_type=\"text-editor.default\">\n\t\t\t\t\t<style>.elementor-element-3ee9cd6{display:none !important}<\/style>\t\t\t\t<\/div>\n\t\t\t\t\t<\/div>\n\t\t\t\t<\/div>\n\t\t<div class=\"elementor-element elementor-element-e27e09d e-flex e-con-boxed e-con e-parent\" data-id=\"e27e09d\" data-element_type=\"container\" data-e-type=\"container\">\n\t\t\t\t\t<div class=\"e-con-inner\">\n\t\t\t\t<div class=\"elementor-element elementor-element-6df5e1c elementor-widget elementor-widget-text-editor\" data-id=\"6df5e1c\" data-element_type=\"widget\" data-e-type=\"widget\" data-no-translation=\"\" data-widget_type=\"text-editor.default\">\n\t\t\t\t\t\t\t\t\t<h1 data-section-id=\"1y6uft7\" data-start=\"4179\" data-end=\"4207\">Politika e Cookies<\/h1><h2 data-section-id=\"3liskl\" data-start=\"4209\" data-end=\"4230\">\u00c7far\u00eb jan\u00eb Cookies<\/h2><p data-start=\"4231\" data-end=\"4523\">Cookies jan\u00eb skedar\u00eb t\u00eb vegj\u00ebl tekst q\u00eb ruhen n\u00eb pajisjen tuaj (kompjuter, tablet ose telefon) kur vizitoni nj\u00eb faqe interneti. Cookies ndihmojn\u00eb faqen t\u00eb funksionoj\u00eb si\u00e7 duhet, t\u00eb p\u00ebrmir\u00ebsoj\u00eb eksperienc\u00ebn e p\u00ebrdoruesit, t\u00eb ruaj\u00eb preferencat dhe t\u00eb mbledh\u00eb informacion mbi p\u00ebrdorimin e faqes.<\/p><p data-start=\"4525\" data-end=\"4630\">Cookies zakonisht nuk p\u00ebrmbajn\u00eb informacion personal, por mund t\u00eb lidhen me t\u00eb dh\u00ebna q\u00eb ne ruajm\u00eb p\u00ebr ju.<\/p><hr data-start=\"4632\" data-end=\"4635\" \/><h2 data-section-id=\"xxzlcl\" data-start=\"4637\" data-end=\"4661\">Si i p\u00ebrdorim Cookies<\/h2><p data-start=\"4662\" data-end=\"4689\">Ne p\u00ebrdorim cookies p\u00ebr t\u00eb:<\/p><ul data-start=\"4690\" data-end=\"5035\"><li data-section-id=\"16q3wng\" data-start=\"4690\" data-end=\"4729\">B\u00ebr\u00eb faqen t\u00eb funksionoj\u00eb si\u00e7 duhet<\/li><li data-section-id=\"tlhiou\" data-start=\"4730\" data-end=\"4767\">Ruajtur preferencat dhe cil\u00ebsimet<\/li><li data-section-id=\"1ge8349\" data-start=\"4768\" data-end=\"4800\">Ruajtur produktet n\u00eb shport\u00eb<\/li><li data-section-id=\"1e66w6x\" data-start=\"4801\" data-end=\"4853\">P\u00ebrmir\u00ebsuar shpejt\u00ebsin\u00eb dhe performanc\u00ebn e faqes<\/li><li data-section-id=\"eujf7v\" data-start=\"4854\" data-end=\"4902\">Analizuar trafikun dhe sjelljen e vizitor\u00ebve<\/li><li data-section-id=\"150t1nr\" data-start=\"4903\" data-end=\"4942\">P\u00ebrmir\u00ebsuar produktet dhe sh\u00ebrbimet<\/li><li data-section-id=\"prpm5e\" data-start=\"4943\" data-end=\"4989\">Siguruar login dhe llogarin\u00eb e p\u00ebrdoruesit<\/li><li data-section-id=\"14wngbi\" data-start=\"4990\" data-end=\"5035\">Parandaluar mashtrime dhe rritur sigurin\u00eb<\/li><\/ul><hr data-start=\"5037\" data-end=\"5040\" \/><h2 data-section-id=\"1h39wa5\" data-start=\"5042\" data-end=\"5073\">Llojet e Cookies q\u00eb p\u00ebrdorim<\/h2><h3 data-section-id=\"13dr8ks\" data-start=\"5075\" data-end=\"5101\">Cookies t\u00eb domosdoshme<\/h3><p data-start=\"5102\" data-end=\"5213\">K\u00ebto cookies jan\u00eb t\u00eb nevojshme q\u00eb faqja t\u00eb funksionoj\u00eb si\u00e7 duhet. Pa to, faqja nuk mund t\u00eb funksionoj\u00eb korrekt.<\/p><p data-start=\"5215\" data-end=\"5226\">P\u00ebrfshijn\u00eb:<\/p><ul data-start=\"5227\" data-end=\"5319\"><li data-section-id=\"47kcbz\" data-start=\"5227\" data-end=\"5249\">Shport\u00ebn e blerjes<\/li><li data-section-id=\"evac74\" data-start=\"5250\" data-end=\"5262\">Checkout<\/li><li data-section-id=\"yma7l7\" data-start=\"5263\" data-end=\"5272\">Login<\/li><li data-section-id=\"w6fnmm\" data-start=\"5273\" data-end=\"5285\">Sigurin\u00eb<\/li><li data-section-id=\"20rf99\" data-start=\"5286\" data-end=\"5296\">Gjuh\u00ebn<\/li><li data-section-id=\"uprl90\" data-start=\"5297\" data-end=\"5319\">Pranimin e cookies<\/li><\/ul><p data-start=\"5321\" data-end=\"5359\">K\u00ebto cookies nuk mund t\u00eb \u00e7aktivizohen.<\/p><hr data-start=\"5361\" data-end=\"5364\" \/><h3 data-section-id=\"15fjz7t\" data-start=\"5366\" data-end=\"5387\">Cookies analitike<\/h3><p data-start=\"5388\" data-end=\"5474\">K\u00ebto cookies na ndihmojn\u00eb t\u00eb kuptojm\u00eb si p\u00ebrdoret faqja duke mbledhur informacione si:<\/p><ul data-start=\"5475\" data-end=\"5593\"><li data-section-id=\"pvgkt1\" data-start=\"5475\" data-end=\"5496\">Faqet e vizituara<\/li><li data-section-id=\"t8vkz7\" data-start=\"5497\" data-end=\"5513\">Koha n\u00eb faqe<\/li><li data-section-id=\"ralp3f\" data-start=\"5514\" data-end=\"5535\">Burimi i trafikut<\/li><li data-section-id=\"h5u142\" data-start=\"5536\" data-end=\"5547\">Pajisja<\/li><li data-section-id=\"1szxi4i\" data-start=\"5548\" data-end=\"5562\">Shfletuesi<\/li><li data-section-id=\"9nqctw\" data-start=\"5563\" data-end=\"5593\">Vendndodhja e p\u00ebrgjithshme<\/li><\/ul><p data-start=\"5595\" data-end=\"5632\">Kjo na ndihmon t\u00eb p\u00ebrmir\u00ebsojm\u00eb faqen.<\/p><hr data-start=\"5634\" data-end=\"5637\" \/><h3 data-section-id=\"1r8i310\" data-start=\"5639\" data-end=\"5662\">Cookies funksionale<\/h3><p data-start=\"5663\" data-end=\"5704\">K\u00ebto cookies ruajn\u00eb preferencat tuaja si:<\/p><ul data-start=\"5705\" data-end=\"5779\"><li data-section-id=\"ha13g9\" data-start=\"5705\" data-end=\"5714\">Gjuha<\/li><li data-section-id=\"1j3pu3w\" data-start=\"5715\" data-end=\"5726\">Monedha<\/li><li data-section-id=\"172mvep\" data-start=\"5727\" data-end=\"5751\">Produktet e shikuara<\/li><li data-section-id=\"1w0w6i7\" data-start=\"5752\" data-end=\"5764\">Wishlist<\/li><li data-section-id=\"1sc7gh7\" data-start=\"5765\" data-end=\"5779\">Formular\u00ebt<\/li><\/ul><hr data-start=\"5781\" data-end=\"5784\" \/><h3 data-section-id=\"1g9k76o\" data-start=\"5786\" data-end=\"5808\">Cookies marketingu<\/h3><p data-start=\"5809\" data-end=\"5835\">K\u00ebto cookies p\u00ebrdoren p\u00ebr:<\/p><ul data-start=\"5836\" data-end=\"5957\"><li data-section-id=\"bmktdv\" data-start=\"5836\" data-end=\"5857\">Reklama relevante<\/li><li data-section-id=\"1meoso7\" data-start=\"5858\" data-end=\"5896\">Matjen e performanc\u00ebs s\u00eb reklamave<\/li><li data-section-id=\"1nphp1e\" data-start=\"5897\" data-end=\"5934\">Kufizimin e shfaqjes s\u00eb reklamave<\/li><li data-section-id=\"15673ol\" data-start=\"5935\" data-end=\"5957\">Fushata marketingu<\/li><\/ul><hr data-start=\"5959\" data-end=\"5962\" \/><h2 data-section-id=\"zlge9x\" data-start=\"5964\" data-end=\"5992\">Cookies nga pal\u00eb t\u00eb treta<\/h2><p data-start=\"5993\" data-end=\"6050\">Disa cookies vendosen nga sh\u00ebrbime t\u00eb pal\u00ebve t\u00eb treta si:<\/p><ul data-start=\"6051\" data-end=\"6146\"><li data-section-id=\"cj5el\" data-start=\"6051\" data-end=\"6062\">Pagesat<\/li><li data-section-id=\"1utqs82\" data-start=\"6063\" data-end=\"6077\">Transporti<\/li><li data-section-id=\"lbg66s\" data-start=\"6078\" data-end=\"6091\">Analitika<\/li><li data-section-id=\"t0c9oc\" data-start=\"6092\" data-end=\"6111\">Rrjetet sociale<\/li><li data-section-id=\"y4eycu\" data-start=\"6112\" data-end=\"6131\">Video ose harta<\/li><li data-section-id=\"m1lfyx\" data-start=\"6132\" data-end=\"6146\">Marketingu<\/li><\/ul><p data-start=\"6148\" data-end=\"6198\">K\u00ebto kompani kan\u00eb politikat e tyre t\u00eb privat\u00ebsis\u00eb.<\/p><hr data-start=\"6200\" data-end=\"6203\" \/><h2 data-section-id=\"c9jwn7\" data-start=\"6205\" data-end=\"6229\">Sa koh\u00eb ruhen Cookies<\/h2><p data-start=\"6230\" data-end=\"6251\">Cookies mund t\u00eb jen\u00eb:<\/p><ul data-start=\"6252\" data-end=\"6348\"><li data-section-id=\"etyj\" data-start=\"6252\" data-end=\"6297\">Session \u2013 fshihen kur mbyllni shfletuesin<\/li><li data-section-id=\"1bngy6c\" data-start=\"6298\" data-end=\"6348\">Persistent \u2013 ruhen p\u00ebr nj\u00eb periudh\u00eb t\u00eb caktuar<\/li><\/ul><hr data-start=\"6350\" data-end=\"6353\" \/><h2 data-section-id=\"1qy2lig\" data-start=\"6355\" data-end=\"6381\">Si t\u00eb menaxhoni Cookies<\/h2><p data-start=\"6382\" data-end=\"6390\">Ju mund:<\/p><ul data-start=\"6391\" data-end=\"6522\"><li data-section-id=\"tlddcw\" data-start=\"6391\" data-end=\"6422\">T\u2019i bllokoni nga shfletuesi<\/li><li data-section-id=\"jkn0m7\" data-start=\"6423\" data-end=\"6437\">T\u2019i fshini<\/li><li data-section-id=\"1n43lh5\" data-start=\"6438\" data-end=\"6479\">T\u00eb bllokoni cookies nga pal\u00eb t\u00eb treta<\/li><li data-section-id=\"1opkzt1\" data-start=\"6480\" data-end=\"6522\">T\u00eb merrni njoftim kur p\u00ebrdoren cookies<\/li><\/ul><p data-start=\"6524\" data-end=\"6588\">N\u00ebse i \u00e7aktivizoni, disa funksione t\u00eb faqes mund t\u00eb mos punojn\u00eb.<\/p><hr data-start=\"6590\" data-end=\"6593\" \/><h2 data-section-id=\"1s7121c\" data-start=\"6595\" data-end=\"6617\">P\u00eblqimi p\u00ebr Cookies<\/h2><p data-start=\"6618\" data-end=\"6781\">Kur vizitoni faqen p\u00ebr her\u00eb t\u00eb par\u00eb, do t\u00eb shfaqet nj\u00eb njoftim p\u00ebr cookies. Duke vazhduar p\u00ebrdorimin e faqes, ju pranoni p\u00ebrdorimin e cookies sipas k\u00ebsaj politike.<\/p><hr data-start=\"6783\" data-end=\"6786\" \/><h2 data-section-id=\"1cgsofo\" data-start=\"6788\" data-end=\"6824\">Ndryshimet n\u00eb Politik\u00ebn e Cookies<\/h2><p data-start=\"6825\" data-end=\"6926\">Ne mund ta p\u00ebrdit\u00ebsojm\u00eb k\u00ebt\u00eb politik\u00eb her\u00eb pas here. Versioni i fundit do t\u00eb publikohet n\u00eb k\u00ebt\u00eb faqe.<\/p><hr data-start=\"6928\" data-end=\"6931\" \/><h2 data-section-id=\"s5geto\" data-start=\"6933\" data-end=\"6944\">Kontakti<\/h2><p data-start=\"6945\" data-end=\"6999\">P\u00ebr pyetje rreth Cookies mund t\u00eb na kontaktoni p\u00ebrmes:<\/p><ul data-start=\"7000\" data-end=\"7056\"><li data-section-id=\"1i0gtyc\" data-start=\"7000\" data-end=\"7009\">Email<\/li><li data-section-id=\"1dujehj\" data-start=\"7010\" data-end=\"7021\">Telefon<\/li><li data-section-id=\"960x31\" data-start=\"7022\" data-end=\"7043\">Formular kontakti<\/li><li data-section-id=\"1vrnb2o\" data-start=\"7044\" data-end=\"7056\">WhatsApp<\/li><\/ul>\t\t\t\t\t\t\t\t<\/div>\n\t\t\t\t\t<\/div>\n\t\t\t\t<\/div>\n\t\t\t\t<\/div>","protected":false},"excerpt":{"rendered":"<p>What Are Cookies Cookies are small text files that are stored on your device (computer, tablet, or mobile phone) when you visit a website. Cookies help websites function properly, improve user experience, remember preferences, and collect information about how visitors use the site. Cookies do not usually contain personal information, but personal data that we [&hellip;]<\/p>\n","protected":false},"author":2,"featured_media":0,"parent":0,"menu_order":0,"comment_status":"closed","ping_status":"closed","template":"","meta":{"footnotes":""},"class_list":["post-1514","page","type-page","status-publish","hentry"],"yoast_head":"<!-- This site is optimized with the Yoast SEO plugin v27.4 - https:\/\/yoast.com\/product\/yoast-seo-wordpress\/ -->\n<title>Cookie Policy - enklev.com<\/title>\n<meta name=\"robots\" content=\"noindex, follow, max-snippet:-1, max-image-preview:large, max-video-preview:-1\" \/>\n<meta property=\"og:locale\" content=\"sq_AL\" \/>\n<meta property=\"og:type\" content=\"article\" \/>\n<meta property=\"og:title\" content=\"Cookie Policy - enklev.com\" \/>\n<meta property=\"og:description\" content=\"What Are Cookies Cookies are small text files that are stored on your device (computer, tablet, or mobile phone) when you visit a website. Cookies help websites function properly, improve user experience, remember preferences, and collect information about how visitors use the site. Cookies do not usually contain personal information, but personal data that we [&hellip;]\" \/>\n<meta property=\"og:url\" content=\"https:\/\/enklev.com\/sq\/cookie-policy\/\" \/>\n<meta property=\"og:site_name\" content=\"enklev.com\" \/>\n<meta property=\"article:modified_time\" content=\"2026-03-27T22:47:55+00:00\" \/>\n<meta name=\"twitter:card\" content=\"summary_large_image\" \/>\n<meta name=\"twitter:label1\" content=\"Est. reading time\" \/>\n\t<meta name=\"twitter:data1\" content=\"5 minuta\" \/>\n<script type=\"application\/ld+json\" class=\"yoast-schema-graph\">{\"@context\":\"https:\\\/\\\/schema.org\",\"@graph\":[{\"@type\":\"WebPage\",\"@id\":\"https:\\\/\\\/enklev.com\\\/cookie-policy\\\/\",\"url\":\"https:\\\/\\\/enklev.com\\\/cookie-policy\\\/\",\"name\":\"Cookie Policy - enklev.com\",\"isPartOf\":{\"@id\":\"https:\\\/\\\/enklev.com\\\/#website\"},\"datePublished\":\"2026-03-27T22:45:10+00:00\",\"dateModified\":\"2026-03-27T22:47:55+00:00\",\"breadcrumb\":{\"@id\":\"https:\\\/\\\/enklev.com\\\/cookie-policy\\\/#breadcrumb\"},\"inLanguage\":\"sq\",\"potentialAction\":[{\"@type\":\"ReadAction\",\"target\":[\"https:\\\/\\\/enklev.com\\\/cookie-policy\\\/\"]}]},{\"@type\":\"BreadcrumbList\",\"@id\":\"https:\\\/\\\/enklev.com\\\/cookie-policy\\\/#breadcrumb\",\"itemListElement\":[{\"@type\":\"ListItem\",\"position\":1,\"name\":\"Home\",\"item\":\"https:\\\/\\\/enklev.com\\\/\"},{\"@type\":\"ListItem\",\"position\":2,\"name\":\"Cookie Policy\"}]},{\"@type\":\"WebSite\",\"@id\":\"https:\\\/\\\/enklev.com\\\/#website\",\"url\":\"https:\\\/\\\/enklev.com\\\/\",\"name\":\"enklev.com\",\"description\":\"\",\"publisher\":{\"@id\":\"https:\\\/\\\/enklev.com\\\/#organization\"},\"potentialAction\":[{\"@type\":\"SearchAction\",\"target\":{\"@type\":\"EntryPoint\",\"urlTemplate\":\"https:\\\/\\\/enklev.com\\\/?s={search_term_string}\"},\"query-input\":{\"@type\":\"PropertyValueSpecification\",\"valueRequired\":true,\"valueName\":\"search_term_string\"}}],\"inLanguage\":\"sq\"},{\"@type\":\"Organization\",\"@id\":\"https:\\\/\\\/enklev.com\\\/#organization\",\"name\":\"enklev.com\",\"url\":\"https:\\\/\\\/enklev.com\\\/\",\"logo\":{\"@type\":\"ImageObject\",\"inLanguage\":\"sq\",\"@id\":\"https:\\\/\\\/enklev.com\\\/#\\\/schema\\\/logo\\\/image\\\/\",\"url\":\"https:\\\/\\\/enklev.com\\\/wp-content\\\/uploads\\\/2025\\\/12\\\/303998892_477724231033153_5307318255116911891_n-Photoroom-e1774529994874.png\",\"contentUrl\":\"https:\\\/\\\/enklev.com\\\/wp-content\\\/uploads\\\/2025\\\/12\\\/303998892_477724231033153_5307318255116911891_n-Photoroom-e1774529994874.png\",\"width\":450,\"height\":225,\"caption\":\"enklev.com\"},\"image\":{\"@id\":\"https:\\\/\\\/enklev.com\\\/#\\\/schema\\\/logo\\\/image\\\/\"}}]}<\/script>\n<!-- \/ Yoast SEO plugin. -->","yoast_head_json":{"title":"Cookie Policy - enklev.com","robots":{"index":"noindex","follow":"follow","max-snippet":"max-snippet:-1","max-image-preview":"max-image-preview:large","max-video-preview":"max-video-preview:-1"},"og_locale":"sq_AL","og_type":"article","og_title":"Cookie Policy - enklev.com","og_description":"What Are Cookies Cookies are small text files that are stored on your device (computer, tablet, or mobile phone) when you visit a website. Cookies help websites function properly, improve user experience, remember preferences, and collect information about how visitors use the site. Cookies do not usually contain personal information, but personal data that we [&hellip;]","og_url":"https:\/\/enklev.com\/sq\/cookie-policy\/","og_site_name":"enklev.com","article_modified_time":"2026-03-27T22:47:55+00:00","twitter_card":"summary_large_image","twitter_misc":{"Est. reading time":"5 minuta"},"schema":{"@context":"https:\/\/schema.org","@graph":[{"@type":"WebPage","@id":"https:\/\/enklev.com\/cookie-policy\/","url":"https:\/\/enklev.com\/cookie-policy\/","name":"Cookie Policy - enklev.com","isPartOf":{"@id":"https:\/\/enklev.com\/#website"},"datePublished":"2026-03-27T22:45:10+00:00","dateModified":"2026-03-27T22:47:55+00:00","breadcrumb":{"@id":"https:\/\/enklev.com\/cookie-policy\/#breadcrumb"},"inLanguage":"sq","potentialAction":[{"@type":"ReadAction","target":["https:\/\/enklev.com\/cookie-policy\/"]}]},{"@type":"BreadcrumbList","@id":"https:\/\/enklev.com\/cookie-policy\/#breadcrumb","itemListElement":[{"@type":"ListItem","position":1,"name":"Home","item":"https:\/\/enklev.com\/"},{"@type":"ListItem","position":2,"name":"Cookie Policy"}]},{"@type":"WebSite","@id":"https:\/\/enklev.com\/#website","url":"https:\/\/enklev.com\/","name":"enklev.com","description":"","publisher":{"@id":"https:\/\/enklev.com\/#organization"},"potentialAction":[{"@type":"SearchAction","target":{"@type":"EntryPoint","urlTemplate":"https:\/\/enklev.com\/?s={search_term_string}"},"query-input":{"@type":"PropertyValueSpecification","valueRequired":true,"valueName":"search_term_string"}}],"inLanguage":"sq"},{"@type":"Organization","@id":"https:\/\/enklev.com\/#organization","name":"enklev.com","url":"https:\/\/enklev.com\/","logo":{"@type":"ImageObject","inLanguage":"sq","@id":"https:\/\/enklev.com\/#\/schema\/logo\/image\/","url":"https:\/\/enklev.com\/wp-content\/uploads\/2025\/12\/303998892_477724231033153_5307318255116911891_n-Photoroom-e1774529994874.png","contentUrl":"https:\/\/enklev.com\/wp-content\/uploads\/2025\/12\/303998892_477724231033153_5307318255116911891_n-Photoroom-e1774529994874.png","width":450,"height":225,"caption":"enklev.com"},"image":{"@id":"https:\/\/enklev.com\/#\/schema\/logo\/image\/"}}]}},"_links":{"self":[{"href":"https:\/\/enklev.com\/sq\/wp-json\/wp\/v2\/pages\/1514","targetHints":{"allow":["GET"]}}],"collection":[{"href":"https:\/\/enklev.com\/sq\/wp-json\/wp\/v2\/pages"}],"about":[{"href":"https:\/\/enklev.com\/sq\/wp-json\/wp\/v2\/types\/page"}],"author":[{"embeddable":true,"href":"https:\/\/enklev.com\/sq\/wp-json\/wp\/v2\/users\/2"}],"replies":[{"embeddable":true,"href":"https:\/\/enklev.com\/sq\/wp-json\/wp\/v2\/comments?post=1514"}],"version-history":[{"count":4,"href":"https:\/\/enklev.com\/sq\/wp-json\/wp\/v2\/pages\/1514\/revisions"}],"predecessor-version":[{"id":1518,"href":"https:\/\/enklev.com\/sq\/wp-json\/wp\/v2\/pages\/1514\/revisions\/1518"}],"wp:attachment":[{"href":"https:\/\/enklev.com\/sq\/wp-json\/wp\/v2\/media?parent=1514"}],"curies":[{"name":"wp","href":"https:\/\/api.w.org\/{rel}","templated":true}]}}