{"id":178,"date":"2025-12-31T11:00:40","date_gmt":"2025-12-31T11:00:40","guid":{"rendered":"https:\/\/enklev.com\/?page_id=178"},"modified":"2026-03-27T21:25:55","modified_gmt":"2026-03-27T21:25:55","slug":"faq","status":"publish","type":"page","link":"https:\/\/enklev.com\/sq\/faq\/","title":{"rendered":"FAQ"},"content":{"rendered":"<div data-elementor-type=\"wp-page\" data-elementor-id=\"178\" class=\"elementor elementor-178\" data-elementor-post-type=\"page\">\n\t\t\t\t<div class=\"elementor-element elementor-element-be2a115 e-flex e-con-boxed e-con e-parent\" data-id=\"be2a115\" data-element_type=\"container\" data-e-type=\"container\">\n\t\t\t\t\t<div class=\"e-con-inner\">\n\t\t\t\t<div class=\"elementor-element elementor-element-780c153 elementor-widget elementor-widget-html\" data-id=\"780c153\" data-element_type=\"widget\" data-e-type=\"widget\" data-widget_type=\"html.default\">\n\t\t\t\t\t<h2>Pyetjet e shpeshta<\/h2>\r\n\r\n<details>\r\n<summary>Are the diamonds natural?<\/summary>\r\n<p>Yes, we offer both natural diamonds and lab-grown diamonds, depending on the client\u2019s preference and budget.<\/p>\r\n<\/details>\r\n\r\n<details>\r\n<summary>Can I place a custom order?<\/summary>\r\n<p>Yes, we create custom jewelry based on your request, including design, gemstones, size, and other personalized details.<\/p>\r\n<\/details>\r\n\r\n<details>\r\n<summary>How long does delivery take?<\/summary>\r\n<p>Delivery usually takes 24\u201348 business hours, depending on the destination and the type of order.<\/p>\r\n<\/details>\r\n\r\n<details>\r\n<summary>Do you resize rings?<\/summary>\r\n<p>Yes, we offer ring resizing to ensure the most accurate and comfortable fit.<\/p>\r\n<\/details>\r\n\r\n<details>\r\n<summary>Do you provide certificates for diamonds?<\/summary>\r\n<p>Yes, we provide certificates for diamonds to guarantee their origin and characteristics.<\/p>\r\n<\/details>\r\n\r\n<details>\r\n<summary>Can the ring size be adjusted after purchase?<\/summary>\r\n<p>Yes, in most cases the ring size can be adjusted after purchase, depending on the model.<\/p>\r\n<\/details>\r\n\r\n<details>\r\n<summary>Do you create custom engagement or wedding rings?<\/summary>\r\n<p>Yes, we create custom engagement and wedding rings based on your style and preferences.<\/p>\r\n<\/details>\r\n\r\n<details>\r\n<summary>Is your jewelry suitable for gifts?<\/summary>\r\n<p>Yes, our collections are ideal for gifts for special occasions such as birthdays, engagements, anniversaries, and celebrations.<\/p>\r\n<\/details>\r\n\r\n<details>\r\n<summary>Do your jewelry pieces come with a quality guarantee?<\/summary>\r\n<p>Yes, every product is carefully prepared according to high quality standards.<\/p>\r\n<\/details>\r\n\r\n<details>\r\n<summary>How can I contact you for more information?<\/summary>\r\n<p>You can contact us for any additional questions about products, orders, and custom designs, and we will be happy to assist you.<\/p>\r\n<\/details>\t\t\t\t<\/div>\n\t\t\t\t\t<\/div>\n\t\t\t\t<\/div>\n\t\t<div class=\"elementor-element elementor-element-a4c7b61 e-flex e-con-boxed e-con e-parent\" data-id=\"a4c7b61\" data-element_type=\"container\" data-e-type=\"container\">\n\t\t\t\t\t<div class=\"e-con-inner\">\n\t\t\t\t<div class=\"elementor-element elementor-element-c22a631 elementor-widget elementor-widget-heading\" data-id=\"c22a631\" data-element_type=\"widget\" data-e-type=\"widget\" data-widget_type=\"heading.default\">\n\t\t\t\t\t<h2 class=\"elementor-heading-title elementor-size-default\">Zgjidhni produktin tuaj<\/h2>\t\t\t\t<\/div>\n\t\t\t\t\t<\/div>\n\t\t\t\t<\/div>\n\t\t<div class=\"elementor-element elementor-element-8e62f48 e-flex e-con-boxed e-con e-parent\" data-id=\"8e62f48\" data-element_type=\"container\" data-e-type=\"container\">\n\t\t\t\t\t<div class=\"e-con-inner\">\n\t\t\t\t<div class=\"elementor-element elementor-element-5b6d923 elementor-grid-3 elementor-grid-tablet-2 elementor-grid-mobile-1 elementor-widget elementor-widget-portfolio\" data-id=\"5b6d923\" data-element_type=\"widget\" data-e-type=\"widget\" data-settings=\"{&quot;columns&quot;:&quot;3&quot;,&quot;columns_tablet&quot;:&quot;2&quot;,&quot;columns_mobile&quot;:&quot;1&quot;,&quot;item_ratio&quot;:{&quot;unit&quot;:&quot;px&quot;,&quot;size&quot;:0.66,&quot;sizes&quot;:[]},&quot;item_gap&quot;:{&quot;unit&quot;:&quot;px&quot;,&quot;size&quot;:&quot;&quot;,&quot;sizes&quot;:[]},&quot;row_gap&quot;:{&quot;unit&quot;:&quot;px&quot;,&quot;size&quot;:&quot;&quot;,&quot;sizes&quot;:[]}}\" data-widget_type=\"portfolio.default\">\n\t\t\t\t<div class=\"elementor-widget-container\">\n\t\t\t\t\t\t\t<div class=\"elementor-portfolio elementor-grid elementor-posts-container\" role=\"list\">\n\t\t\t\t<article class=\"elementor-portfolio-item elementor-post  post-1161 product type-product status-publish has-post-thumbnail product_cat-emerald product_cat-female product_cat-rings product_cat-ruby first instock shipping-taxable purchasable product-type-variable has-default-attributes\" role=\"listitem\">\n\t\t\t<a class=\"elementor-post__thumbnail__link\" href=\"https:\/\/enklev.com\/sq\/produkt\/18kt-band-ring-with-sapphire-emerald-ruby-and-diamond\/\">\n\t\t\t\t<div class=\"elementor-portfolio-item__img elementor-post__thumbnail\">\n\t\t\t<img fetchpriority=\"high\" decoding=\"async\" width=\"1024\" height=\"1024\" src=\"https:\/\/enklev.com\/wp-content\/uploads\/2026\/03\/b3fcb4dd-d601-4734-b360-8e74d3884fe2.png\" class=\"attachment-full size-full wp-image-1171\" alt=\"\" srcset=\"https:\/\/enklev.com\/wp-content\/uploads\/2026\/03\/b3fcb4dd-d601-4734-b360-8e74d3884fe2.png 1024w, https:\/\/enklev.com\/wp-content\/uploads\/2026\/03\/b3fcb4dd-d601-4734-b360-8e74d3884fe2-300x300.png 300w, https:\/\/enklev.com\/wp-content\/uploads\/2026\/03\/b3fcb4dd-d601-4734-b360-8e74d3884fe2-150x150.png 150w, https:\/\/enklev.com\/wp-content\/uploads\/2026\/03\/b3fcb4dd-d601-4734-b360-8e74d3884fe2-768x768.png 768w, https:\/\/enklev.com\/wp-content\/uploads\/2026\/03\/b3fcb4dd-d601-4734-b360-8e74d3884fe2-12x12.png 12w, https:\/\/enklev.com\/wp-content\/uploads\/2026\/03\/b3fcb4dd-d601-4734-b360-8e74d3884fe2-100x100.png 100w\" sizes=\"(max-width: 1024px) 100vw, 1024px\" \/>\t\t<\/div>\n\t\t\t\t<div class=\"elementor-portfolio-item__overlay\">\n\t\t\t\t<h3 class=\"elementor-portfolio-item__title\">\n\t\tUnaz\u00eb 18kt me emerald\/sapphire\/ruby 1.06ct dhe diamant 0.048ct\t\t<\/h3>\n\t\t\t\t<\/div>\n\t\t\t\t<\/a>\n\t\t<\/article>\n\t\t\t\t<article class=\"elementor-portfolio-item elementor-post  post-1154 product type-product status-publish has-post-thumbnail product_cat-female product_cat-moissanite product_cat-rings instock shipping-taxable purchasable product-type-variable has-default-attributes\" role=\"listitem\">\n\t\t\t<a class=\"elementor-post__thumbnail__link\" href=\"https:\/\/enklev.com\/sq\/produkt\/18kt-ring-with-0-5ct-moissanite-and-diamond\/\">\n\t\t\t\t<div class=\"elementor-portfolio-item__img elementor-post__thumbnail\">\n\t\t\t<img decoding=\"async\" width=\"1024\" height=\"1024\" src=\"https:\/\/enklev.com\/wp-content\/uploads\/2026\/03\/af24b46b-d579-436b-a14e-502c44f20a4e.png\" class=\"attachment-full size-full wp-image-1156\" alt=\"\" srcset=\"https:\/\/enklev.com\/wp-content\/uploads\/2026\/03\/af24b46b-d579-436b-a14e-502c44f20a4e.png 1024w, https:\/\/enklev.com\/wp-content\/uploads\/2026\/03\/af24b46b-d579-436b-a14e-502c44f20a4e-300x300.png 300w, https:\/\/enklev.com\/wp-content\/uploads\/2026\/03\/af24b46b-d579-436b-a14e-502c44f20a4e-150x150.png 150w, https:\/\/enklev.com\/wp-content\/uploads\/2026\/03\/af24b46b-d579-436b-a14e-502c44f20a4e-768x768.png 768w, https:\/\/enklev.com\/wp-content\/uploads\/2026\/03\/af24b46b-d579-436b-a14e-502c44f20a4e-12x12.png 12w, https:\/\/enklev.com\/wp-content\/uploads\/2026\/03\/af24b46b-d579-436b-a14e-502c44f20a4e-100x100.png 100w\" sizes=\"(max-width: 1024px) 100vw, 1024px\" \/>\t\t<\/div>\n\t\t\t\t<div class=\"elementor-portfolio-item__overlay\">\n\t\t\t\t<h3 class=\"elementor-portfolio-item__title\">\n\t\tUnaz\u00eb 18kt me moissanite 0.5ct dhe diamant\t\t<\/h3>\n\t\t\t\t<\/div>\n\t\t\t\t<\/a>\n\t\t<\/article>\n\t\t\t\t<article class=\"elementor-portfolio-item elementor-post  post-1149 product type-product status-publish has-post-thumbnail product_cat-female-necklaces product_cat-male-necklaces product_cat-necklaces instock shipping-taxable purchasable product-type-variable has-default-attributes\" role=\"listitem\">\n\t\t\t<a class=\"elementor-post__thumbnail__link\" href=\"https:\/\/enklev.com\/sq\/produkt\/18kt-medallion-with-0-03ct-diamond\/\">\n\t\t\t\t<div class=\"elementor-portfolio-item__img elementor-post__thumbnail\">\n\t\t\t<img decoding=\"async\" width=\"1024\" height=\"1024\" src=\"https:\/\/enklev.com\/wp-content\/uploads\/2026\/03\/4f16d635-e446-4b6a-963b-be83d368cc91.png\" class=\"attachment-full size-full wp-image-1151\" alt=\"\" srcset=\"https:\/\/enklev.com\/wp-content\/uploads\/2026\/03\/4f16d635-e446-4b6a-963b-be83d368cc91.png 1024w, https:\/\/enklev.com\/wp-content\/uploads\/2026\/03\/4f16d635-e446-4b6a-963b-be83d368cc91-300x300.png 300w, https:\/\/enklev.com\/wp-content\/uploads\/2026\/03\/4f16d635-e446-4b6a-963b-be83d368cc91-150x150.png 150w, https:\/\/enklev.com\/wp-content\/uploads\/2026\/03\/4f16d635-e446-4b6a-963b-be83d368cc91-768x768.png 768w, https:\/\/enklev.com\/wp-content\/uploads\/2026\/03\/4f16d635-e446-4b6a-963b-be83d368cc91-12x12.png 12w, https:\/\/enklev.com\/wp-content\/uploads\/2026\/03\/4f16d635-e446-4b6a-963b-be83d368cc91-100x100.png 100w\" sizes=\"(max-width: 1024px) 100vw, 1024px\" \/>\t\t<\/div>\n\t\t\t\t<div class=\"elementor-portfolio-item__overlay\">\n\t\t\t\t<h3 class=\"elementor-portfolio-item__title\">\n\t\tMedalion 18kt me diamant 0.03ct\t\t<\/h3>\n\t\t\t\t<\/div>\n\t\t\t\t<\/a>\n\t\t<\/article>\n\t\t\t\t<article class=\"elementor-portfolio-item elementor-post  post-1142 product type-product status-publish has-post-thumbnail product_cat-engagement-rings product_cat-female product_cat-lab-grown-diamond product_cat-rings last instock shipping-taxable purchasable product-type-variable has-default-attributes\" role=\"listitem\">\n\t\t\t<a class=\"elementor-post__thumbnail__link\" href=\"https:\/\/enklev.com\/sq\/produkt\/18kt-ring-with-0-22ct-white-diamond-and-1ct-blue-lab-grown-diamond\/\">\n\t\t\t\t<div class=\"elementor-portfolio-item__img elementor-post__thumbnail\">\n\t\t\t<img loading=\"lazy\" decoding=\"async\" width=\"1024\" height=\"1536\" src=\"https:\/\/enklev.com\/wp-content\/uploads\/2026\/03\/3425ad42-907d-49d9-b811-f0217cc60a65.png\" class=\"attachment-full size-full wp-image-1144\" alt=\"\" srcset=\"https:\/\/enklev.com\/wp-content\/uploads\/2026\/03\/3425ad42-907d-49d9-b811-f0217cc60a65.png 1024w, https:\/\/enklev.com\/wp-content\/uploads\/2026\/03\/3425ad42-907d-49d9-b811-f0217cc60a65-200x300.png 200w, https:\/\/enklev.com\/wp-content\/uploads\/2026\/03\/3425ad42-907d-49d9-b811-f0217cc60a65-683x1024.png 683w, https:\/\/enklev.com\/wp-content\/uploads\/2026\/03\/3425ad42-907d-49d9-b811-f0217cc60a65-768x1152.png 768w, https:\/\/enklev.com\/wp-content\/uploads\/2026\/03\/3425ad42-907d-49d9-b811-f0217cc60a65-8x12.png 8w\" sizes=\"(max-width: 1024px) 100vw, 1024px\" \/>\t\t<\/div>\n\t\t\t\t<div class=\"elementor-portfolio-item__overlay\">\n\t\t\t\t<h3 class=\"elementor-portfolio-item__title\">\n\t\tUnaz\u00eb 18kt me diamant t\u00eb bardh\u00eb 0.22ct dhe diamant blu lab grown 1ct\t\t<\/h3>\n\t\t\t\t<\/div>\n\t\t\t\t<\/a>\n\t\t<\/article>\n\t\t\t\t<article class=\"elementor-portfolio-item elementor-post  post-1134 product type-product status-publish has-post-thumbnail product_cat-emerald product_cat-engagement-rings product_cat-female product_cat-rings first instock shipping-taxable purchasable product-type-variable has-default-attributes\" role=\"listitem\">\n\t\t\t<a class=\"elementor-post__thumbnail__link\" href=\"https:\/\/enklev.com\/sq\/produkt\/18kt-ring-with-1-06ct-emerald-and-0-048ct-diamond\/\">\n\t\t\t\t<div class=\"elementor-portfolio-item__img elementor-post__thumbnail\">\n\t\t\t<img loading=\"lazy\" decoding=\"async\" width=\"1024\" height=\"1024\" src=\"https:\/\/enklev.com\/wp-content\/uploads\/2026\/03\/94796d6c-6527-46d9-b4cf-69f21a52f1de.png\" class=\"attachment-full size-full wp-image-1135\" alt=\"\" srcset=\"https:\/\/enklev.com\/wp-content\/uploads\/2026\/03\/94796d6c-6527-46d9-b4cf-69f21a52f1de.png 1024w, https:\/\/enklev.com\/wp-content\/uploads\/2026\/03\/94796d6c-6527-46d9-b4cf-69f21a52f1de-300x300.png 300w, https:\/\/enklev.com\/wp-content\/uploads\/2026\/03\/94796d6c-6527-46d9-b4cf-69f21a52f1de-150x150.png 150w, https:\/\/enklev.com\/wp-content\/uploads\/2026\/03\/94796d6c-6527-46d9-b4cf-69f21a52f1de-768x768.png 768w, https:\/\/enklev.com\/wp-content\/uploads\/2026\/03\/94796d6c-6527-46d9-b4cf-69f21a52f1de-12x12.png 12w, https:\/\/enklev.com\/wp-content\/uploads\/2026\/03\/94796d6c-6527-46d9-b4cf-69f21a52f1de-100x100.png 100w\" sizes=\"(max-width: 1024px) 100vw, 1024px\" \/>\t\t<\/div>\n\t\t\t\t<div class=\"elementor-portfolio-item__overlay\">\n\t\t\t\t<h3 class=\"elementor-portfolio-item__title\">\n\t\tUnaz\u00eb 18kt me emerald 1.06ct dhe diamant 0.048ct\t\t<\/h3>\n\t\t\t\t<\/div>\n\t\t\t\t<\/a>\n\t\t<\/article>\n\t\t\t\t<article class=\"elementor-portfolio-item elementor-post  post-1119 product type-product status-publish has-post-thumbnail product_cat-emerald product_cat-female product_cat-rings instock shipping-taxable purchasable product-type-variable has-default-attributes\" role=\"listitem\">\n\t\t\t<a class=\"elementor-post__thumbnail__link\" href=\"https:\/\/enklev.com\/sq\/produkt\/18kt-ring-with-0-69ct-heart-emerald-and-0-14ct-diamond\/\">\n\t\t\t\t<div class=\"elementor-portfolio-item__img elementor-post__thumbnail\">\n\t\t\t<img loading=\"lazy\" decoding=\"async\" width=\"1024\" height=\"1024\" src=\"https:\/\/enklev.com\/wp-content\/uploads\/2026\/03\/74966ba0-257e-42b8-900a-2d355dd2e8ec.png\" class=\"attachment-full size-full wp-image-1121\" alt=\"\" srcset=\"https:\/\/enklev.com\/wp-content\/uploads\/2026\/03\/74966ba0-257e-42b8-900a-2d355dd2e8ec.png 1024w, https:\/\/enklev.com\/wp-content\/uploads\/2026\/03\/74966ba0-257e-42b8-900a-2d355dd2e8ec-300x300.png 300w, https:\/\/enklev.com\/wp-content\/uploads\/2026\/03\/74966ba0-257e-42b8-900a-2d355dd2e8ec-150x150.png 150w, https:\/\/enklev.com\/wp-content\/uploads\/2026\/03\/74966ba0-257e-42b8-900a-2d355dd2e8ec-768x768.png 768w, https:\/\/enklev.com\/wp-content\/uploads\/2026\/03\/74966ba0-257e-42b8-900a-2d355dd2e8ec-12x12.png 12w, https:\/\/enklev.com\/wp-content\/uploads\/2026\/03\/74966ba0-257e-42b8-900a-2d355dd2e8ec-100x100.png 100w\" sizes=\"(max-width: 1024px) 100vw, 1024px\" \/>\t\t<\/div>\n\t\t\t\t<div class=\"elementor-portfolio-item__overlay\">\n\t\t\t\t<h3 class=\"elementor-portfolio-item__title\">\n\t\tUnaz\u00eb 18kt me emerald heart 0.69ct dhe diamant 0.14ct\t\t<\/h3>\n\t\t\t\t<\/div>\n\t\t\t\t<\/a>\n\t\t<\/article>\n\t\t\t\t<\/div>\n\t\t\t\t\t\t<\/div>\n\t\t\t\t<\/div>\n\t\t\t\t\t<\/div>\n\t\t\t\t<\/div>\n\t\t\t\t<\/div>","protected":false},"excerpt":{"rendered":"<p>Frequently Asked Questions Are the diamonds natural? Yes, we offer both natural diamonds and lab-grown diamonds, depending on the client\u2019s preference and budget. Can I place a custom order? Yes, we create custom jewelry based on your request, including design, gemstones, size, and other personalized details. How long does delivery take? Delivery usually takes 24\u201348 [&hellip;]<\/p>\n","protected":false},"author":2,"featured_media":0,"parent":0,"menu_order":0,"comment_status":"closed","ping_status":"closed","template":"","meta":{"footnotes":""},"class_list":["post-178","page","type-page","status-publish","hentry"],"yoast_head":"<!-- This site is optimized with the Yoast SEO plugin v27.4 - https:\/\/yoast.com\/product\/yoast-seo-wordpress\/ -->\n<title>FAQ - enklev.com<\/title>\n<meta name=\"robots\" content=\"noindex, follow, max-snippet:-1, max-image-preview:large, max-video-preview:-1\" \/>\n<meta property=\"og:locale\" content=\"sq_AL\" \/>\n<meta property=\"og:type\" content=\"article\" \/>\n<meta property=\"og:title\" content=\"FAQ - enklev.com\" \/>\n<meta property=\"og:description\" content=\"Frequently Asked Questions Are the diamonds natural? Yes, we offer both natural diamonds and lab-grown diamonds, depending on the client\u2019s preference and budget. Can I place a custom order? Yes, we create custom jewelry based on your request, including design, gemstones, size, and other personalized details. How long does delivery take? Delivery usually takes 24\u201348 [&hellip;]\" \/>\n<meta property=\"og:url\" content=\"https:\/\/enklev.com\/sq\/faq\/\" \/>\n<meta property=\"og:site_name\" content=\"enklev.com\" \/>\n<meta property=\"article:modified_time\" content=\"2026-03-27T21:25:55+00:00\" \/>\n<meta name=\"twitter:card\" content=\"summary_large_image\" \/>\n<meta name=\"twitter:label1\" content=\"Est. reading time\" \/>\n\t<meta name=\"twitter:data1\" content=\"1 minut\u00eb\" \/>\n<script type=\"application\/ld+json\" class=\"yoast-schema-graph\">{\"@context\":\"https:\\\/\\\/schema.org\",\"@graph\":[{\"@type\":\"WebPage\",\"@id\":\"https:\\\/\\\/enklev.com\\\/faq\\\/\",\"url\":\"https:\\\/\\\/enklev.com\\\/faq\\\/\",\"name\":\"FAQ - enklev.com\",\"isPartOf\":{\"@id\":\"https:\\\/\\\/enklev.com\\\/#website\"},\"datePublished\":\"2025-12-31T11:00:40+00:00\",\"dateModified\":\"2026-03-27T21:25:55+00:00\",\"breadcrumb\":{\"@id\":\"https:\\\/\\\/enklev.com\\\/faq\\\/#breadcrumb\"},\"inLanguage\":\"sq\",\"potentialAction\":[{\"@type\":\"ReadAction\",\"target\":[\"https:\\\/\\\/enklev.com\\\/faq\\\/\"]}]},{\"@type\":\"BreadcrumbList\",\"@id\":\"https:\\\/\\\/enklev.com\\\/faq\\\/#breadcrumb\",\"itemListElement\":[{\"@type\":\"ListItem\",\"position\":1,\"name\":\"Home\",\"item\":\"https:\\\/\\\/enklev.com\\\/\"},{\"@type\":\"ListItem\",\"position\":2,\"name\":\"FAQ\"}]},{\"@type\":\"WebSite\",\"@id\":\"https:\\\/\\\/enklev.com\\\/#website\",\"url\":\"https:\\\/\\\/enklev.com\\\/\",\"name\":\"enklev.com\",\"description\":\"\",\"publisher\":{\"@id\":\"https:\\\/\\\/enklev.com\\\/#organization\"},\"potentialAction\":[{\"@type\":\"SearchAction\",\"target\":{\"@type\":\"EntryPoint\",\"urlTemplate\":\"https:\\\/\\\/enklev.com\\\/?s={search_term_string}\"},\"query-input\":{\"@type\":\"PropertyValueSpecification\",\"valueRequired\":true,\"valueName\":\"search_term_string\"}}],\"inLanguage\":\"sq\"},{\"@type\":\"Organization\",\"@id\":\"https:\\\/\\\/enklev.com\\\/#organization\",\"name\":\"enklev.com\",\"url\":\"https:\\\/\\\/enklev.com\\\/\",\"logo\":{\"@type\":\"ImageObject\",\"inLanguage\":\"sq\",\"@id\":\"https:\\\/\\\/enklev.com\\\/#\\\/schema\\\/logo\\\/image\\\/\",\"url\":\"https:\\\/\\\/enklev.com\\\/wp-content\\\/uploads\\\/2025\\\/12\\\/303998892_477724231033153_5307318255116911891_n-Photoroom-e1774529994874.png\",\"contentUrl\":\"https:\\\/\\\/enklev.com\\\/wp-content\\\/uploads\\\/2025\\\/12\\\/303998892_477724231033153_5307318255116911891_n-Photoroom-e1774529994874.png\",\"width\":450,\"height\":225,\"caption\":\"enklev.com\"},\"image\":{\"@id\":\"https:\\\/\\\/enklev.com\\\/#\\\/schema\\\/logo\\\/image\\\/\"}}]}<\/script>\n<!-- \/ Yoast SEO plugin. -->","yoast_head_json":{"title":"FAQ - enklev.com","robots":{"index":"noindex","follow":"follow","max-snippet":"max-snippet:-1","max-image-preview":"max-image-preview:large","max-video-preview":"max-video-preview:-1"},"og_locale":"sq_AL","og_type":"article","og_title":"FAQ - enklev.com","og_description":"Frequently Asked Questions Are the diamonds natural? Yes, we offer both natural diamonds and lab-grown diamonds, depending on the client\u2019s preference and budget. Can I place a custom order? Yes, we create custom jewelry based on your request, including design, gemstones, size, and other personalized details. How long does delivery take? Delivery usually takes 24\u201348 [&hellip;]","og_url":"https:\/\/enklev.com\/sq\/faq\/","og_site_name":"enklev.com","article_modified_time":"2026-03-27T21:25:55+00:00","twitter_card":"summary_large_image","twitter_misc":{"Est. reading time":"1 minut\u00eb"},"schema":{"@context":"https:\/\/schema.org","@graph":[{"@type":"WebPage","@id":"https:\/\/enklev.com\/faq\/","url":"https:\/\/enklev.com\/faq\/","name":"FAQ - enklev.com","isPartOf":{"@id":"https:\/\/enklev.com\/#website"},"datePublished":"2025-12-31T11:00:40+00:00","dateModified":"2026-03-27T21:25:55+00:00","breadcrumb":{"@id":"https:\/\/enklev.com\/faq\/#breadcrumb"},"inLanguage":"sq","potentialAction":[{"@type":"ReadAction","target":["https:\/\/enklev.com\/faq\/"]}]},{"@type":"BreadcrumbList","@id":"https:\/\/enklev.com\/faq\/#breadcrumb","itemListElement":[{"@type":"ListItem","position":1,"name":"Home","item":"https:\/\/enklev.com\/"},{"@type":"ListItem","position":2,"name":"FAQ"}]},{"@type":"WebSite","@id":"https:\/\/enklev.com\/#website","url":"https:\/\/enklev.com\/","name":"enklev.com","description":"","publisher":{"@id":"https:\/\/enklev.com\/#organization"},"potentialAction":[{"@type":"SearchAction","target":{"@type":"EntryPoint","urlTemplate":"https:\/\/enklev.com\/?s={search_term_string}"},"query-input":{"@type":"PropertyValueSpecification","valueRequired":true,"valueName":"search_term_string"}}],"inLanguage":"sq"},{"@type":"Organization","@id":"https:\/\/enklev.com\/#organization","name":"enklev.com","url":"https:\/\/enklev.com\/","logo":{"@type":"ImageObject","inLanguage":"sq","@id":"https:\/\/enklev.com\/#\/schema\/logo\/image\/","url":"https:\/\/enklev.com\/wp-content\/uploads\/2025\/12\/303998892_477724231033153_5307318255116911891_n-Photoroom-e1774529994874.png","contentUrl":"https:\/\/enklev.com\/wp-content\/uploads\/2025\/12\/303998892_477724231033153_5307318255116911891_n-Photoroom-e1774529994874.png","width":450,"height":225,"caption":"enklev.com"},"image":{"@id":"https:\/\/enklev.com\/#\/schema\/logo\/image\/"}}]}},"_links":{"self":[{"href":"https:\/\/enklev.com\/sq\/wp-json\/wp\/v2\/pages\/178","targetHints":{"allow":["GET"]}}],"collection":[{"href":"https:\/\/enklev.com\/sq\/wp-json\/wp\/v2\/pages"}],"about":[{"href":"https:\/\/enklev.com\/sq\/wp-json\/wp\/v2\/types\/page"}],"author":[{"embeddable":true,"href":"https:\/\/enklev.com\/sq\/wp-json\/wp\/v2\/users\/2"}],"replies":[{"embeddable":true,"href":"https:\/\/enklev.com\/sq\/wp-json\/wp\/v2\/comments?post=178"}],"version-history":[{"count":5,"href":"https:\/\/enklev.com\/sq\/wp-json\/wp\/v2\/pages\/178\/revisions"}],"predecessor-version":[{"id":1497,"href":"https:\/\/enklev.com\/sq\/wp-json\/wp\/v2\/pages\/178\/revisions\/1497"}],"wp:attachment":[{"href":"https:\/\/enklev.com\/sq\/wp-json\/wp\/v2\/media?parent=178"}],"curies":[{"name":"wp","href":"https:\/\/api.w.org\/{rel}","templated":true}]}}