{"id":179,"date":"2025-12-31T11:00:55","date_gmt":"2025-12-31T11:00:55","guid":{"rendered":"https:\/\/enklev.com\/?page_id=179"},"modified":"2026-03-28T13:43:29","modified_gmt":"2026-03-28T13:43:29","slug":"about-us","status":"publish","type":"page","link":"https:\/\/enklev.com\/sq\/about-us\/","title":{"rendered":"Rreth Nesh"},"content":{"rendered":"<div data-elementor-type=\"wp-page\" data-elementor-id=\"179\" class=\"elementor elementor-179\" data-elementor-post-type=\"page\">\n\t\t\t\t<div class=\"elementor-element elementor-element-2751b0f e-flex e-con-boxed e-con e-parent\" data-id=\"2751b0f\" data-element_type=\"container\" data-e-type=\"container\">\n\t\t\t\t\t<div class=\"e-con-inner\">\n\t\t<div class=\"elementor-element elementor-element-8961a7f e-con-full e-flex e-con e-child\" data-id=\"8961a7f\" data-element_type=\"container\" data-e-type=\"container\">\n\t\t\t\t<div class=\"elementor-element elementor-element-e20a705 elementor-widget elementor-widget-video\" data-id=\"e20a705\" data-element_type=\"widget\" data-e-type=\"widget\" data-settings=\"{&quot;video_type&quot;:&quot;hosted&quot;,&quot;controls&quot;:&quot;yes&quot;}\" data-widget_type=\"video.default\">\n\t\t\t\t\t\t\t<div class=\"e-hosted-video elementor-wrapper elementor-open-inline\">\n\t\t\t\t\t<video class=\"elementor-video\" src=\"https:\/\/enklev.com\/wp-content\/uploads\/2026\/02\/rings-blue-rose.mp4\" controls=\"\" preload=\"metadata\" controlslist=\"nodownload\" poster=\"https:\/\/enklev.com\/wp-content\/uploads\/2026\/03\/641463921_18532608754065901_5354438288757206956_n.jpg\"><\/video>\n\t\t\t\t<\/div>\n\t\t\t\t\t\t<\/div>\n\t\t\t\t<\/div>\n\t\t<div class=\"elementor-element elementor-element-ca2f9f5 e-con-full e-flex e-con e-child\" data-id=\"ca2f9f5\" data-element_type=\"container\" data-e-type=\"container\">\n\t\t\t\t<div class=\"elementor-element elementor-element-5baa77d elementor-widget elementor-widget-video\" data-id=\"5baa77d\" data-element_type=\"widget\" data-e-type=\"widget\" data-settings=\"{&quot;video_type&quot;:&quot;hosted&quot;,&quot;controls&quot;:&quot;yes&quot;}\" data-widget_type=\"video.default\">\n\t\t\t\t\t\t\t<div class=\"e-hosted-video elementor-wrapper elementor-open-inline\">\n\t\t\t\t\t<video class=\"elementor-video\" src=\"https:\/\/enklev.com\/wp-content\/uploads\/2026\/03\/AQPTgPknHwuybShlMeOItD684YP1vIFkZierHR_rWcFOtJqoWJl7ILUTjeyrAd3c1JVYdYw00mhN2RAzDq5XEF_dHQ8S2BlipiGBnXk.mp4\" controls=\"\" preload=\"metadata\" controlslist=\"nodownload\" poster=\"https:\/\/enklev.com\/wp-content\/uploads\/2026\/03\/656003914_18538578052065901_5783375645251428088_n.jpg\"><\/video>\n\t\t\t\t<\/div>\n\t\t\t\t\t\t<\/div>\n\t\t\t\t<\/div>\n\t\t\t\t\t<\/div>\n\t\t\t\t<\/div>\n\t\t<div class=\"elementor-element elementor-element-26a42508 e-con-full e-flex e-con e-parent\" data-id=\"26a42508\" data-element_type=\"container\" data-e-type=\"container\">\n\t\t<div class=\"elementor-element elementor-element-345a0dc1 e-flex e-con-boxed e-con e-child\" data-id=\"345a0dc1\" data-element_type=\"container\" data-e-type=\"container\">\n\t\t\t\t\t<div class=\"e-con-inner\">\n\t\t\t\t<div class=\"elementor-element elementor-element-3c9add4f elementor-widget elementor-widget-woocommerce-breadcrumb\" data-id=\"3c9add4f\" data-element_type=\"widget\" data-e-type=\"widget\" data-widget_type=\"woocommerce-breadcrumb.default\">\n\t\t\t\t\t<nav class=\"woocommerce-breadcrumb\" aria-label=\"Breadcrumb\" data-no-translation=\"\" data-trp-gettext=\"\">Kreu<\/nav>\t\t\t\t<\/div>\n\t\t\t\t<div class=\"elementor-element elementor-element-16ee65d1 elementor-widget elementor-widget-text-editor\" data-id=\"16ee65d1\" data-element_type=\"widget\" data-e-type=\"widget\" data-widget_type=\"text-editor.default\">\n\t\t\t\t\t\t\t\t\t<p class=\"translation-block\">Enklev \u00ebsht\u00eb nj\u00eb argjendari e specializuar n\u00eb krijimin e bizhuterive fine prej floriri 18kt me diamant natyral dhe gur\u00eb t\u00eb \u00e7muar.<br><br>\nNe kombinojm\u00eb teknologjin\u00eb moderne 3D me mjesht\u00ebrin\u00eb tradicionale p\u00ebr t\u00eb krijuar bizhuteri unike dhe cil\u00ebsore.<br><br>\nNe besojm\u00eb se standardet e larta jan\u00eb nj\u00eb gj\u00eb e mir\u00eb.<br><br>\nAjo q\u00eb filloi si dizajnim bizhuterish q\u00eb d\u00ebshironim t\u00eb vendosnim n\u00eb kutit\u00eb tona t\u00eb bizhuterive, ka evoluar n\u00eb nj\u00eb transformim t\u00eb industris\u00eb s\u00eb bizhuterive t\u00eb shtrenjta.<br><br>\n\u00c7do gur zgjidhet me mjesht\u00ebri, vendoset me dor\u00eb dhe lustrohet n\u00eb m\u00ebnyr\u00ebn e vjet\u00ebr \u2013 pa rrug\u00eb t\u00eb shkurtra.<br><br>\nKjo \u00ebsht\u00eb arsyeja pse pjes\u00ebt tona jan\u00eb b\u00ebr\u00eb me shum\u00eb kujdes dhe dashuri p\u00ebr zanatin.<\/p>\t\t\t\t\t\t\t\t<\/div>\n\t\t\t\t\t<\/div>\n\t\t\t\t<\/div>\n\t\t\t\t<\/div>\n\t\t<div class=\"elementor-element elementor-element-4a626fc5 e-con-full e-flex e-con e-parent\" data-id=\"4a626fc5\" data-element_type=\"container\" data-e-type=\"container\">\n\t\t<div class=\"elementor-element elementor-element-4234ff0c e-con-full e-flex e-con e-child\" data-id=\"4234ff0c\" data-element_type=\"container\" data-e-type=\"container\">\n\t\t\t\t<div class=\"elementor-element elementor-element-1e6da869 elementor-widget elementor-widget-image\" data-id=\"1e6da869\" data-element_type=\"widget\" data-e-type=\"widget\" data-widget_type=\"image.default\">\n\t\t\t\t\t\t\t\t\t\t\t\t\t\t\t<img fetchpriority=\"high\" decoding=\"async\" width=\"1920\" height=\"1080\" src=\"https:\/\/enklev.com\/wp-content\/uploads\/2026\/03\/about-us-photoshop.png\" class=\"attachment-full size-full wp-image-1615\" alt=\"\" \/>\t\t\t\t\t\t\t\t\t\t\t\t\t\t\t<\/div>\n\t\t\t\t<\/div>\n\t\t<div class=\"elementor-element elementor-element-1b03c6fb e-con-full e-flex e-con e-child\" data-id=\"1b03c6fb\" data-element_type=\"container\" data-e-type=\"container\">\n\t\t\t\t<div class=\"elementor-element elementor-element-27b00830 elementor-widget__width-auto elementor-widget elementor-widget-heading\" data-id=\"27b00830\" data-element_type=\"widget\" data-e-type=\"widget\" data-widget_type=\"heading.default\">\n\t\t\t\t\t<span class=\"elementor-heading-title elementor-size-default\"><a href=\"https:\/\/enklev.com\/sq\/kategori-produkti\/rings\/\">Zbulo m\u00eb shum\u00eb<\/a><\/span>\t\t\t\t<\/div>\n\t\t\t\t<div class=\"elementor-element elementor-element-5b7b7c26 elementor-widget elementor-widget-heading\" data-id=\"5b7b7c26\" data-element_type=\"widget\" data-e-type=\"widget\" data-widget_type=\"heading.default\">\n\t\t\t\t\t<h2 class=\"elementor-heading-title elementor-size-default\">Buzhuteri me diamant i brandit m\u00eb t\u00eb lart\u00eb<\/h2>\t\t\t\t<\/div>\n\t\t\t\t<div class=\"elementor-element elementor-element-cb04e89 elementor-widget elementor-widget-text-editor translation-block\" data-id=\"cb04e89\" data-element_type=\"widget\" data-e-type=\"widget\" data-widget_type=\"text-editor.default\">Imazhet e produkteve jan\u00eb realizuar me cil\u00ebsi t\u00eb lart\u00eb p\u00ebr t\u00eb paraqitur sa m\u00eb sakt\u00eb ngjyrat, detajet dhe shk\u00eblqimin e bizhuterive.<br><br>\nNe p\u00ebrpiqemi q\u00eb \u00e7do fotografi t\u00eb pasqyroj\u00eb produktin sa m\u00eb af\u00ebr realitetit dhe cil\u00ebsis\u00eb s\u00eb tij t\u00eb v\u00ebrtet\u00eb.<br><br>\nNdryshime t\u00eb vogla n\u00eb ngjyr\u00eb mund t\u00eb ndodhin p\u00ebr shkak t\u00eb ndri\u00e7imit ose ekranit t\u00eb pajisjes.<\/div>\n\t\t\t\t<\/div>\n\t\t\t\t<\/div>\n\t\t\t\t<\/div>","protected":false},"excerpt":{"rendered":"<p>https:\/\/enklev.com\/wp-content\/uploads\/2026\/02\/rings-blue-rose.mp4https:\/\/enklev.com\/wp-content\/uploads\/2026\/03\/AQPTgPknHwuybShlMeOItD684YP1vIFkZierHR_rWcFOtJqoWJl7ILUTjeyrAd3c1JVYdYw00mhN2RAzDq5XEF_dHQ8S2BlipiGBnXk.mp4 Enklev is a jewelry brand specialized in creating fine jewelry made from 18kt gold with natural diamonds and precious gemstones.We combine modern 3D technology with traditional craftsmanship to create unique and high-quality jewelry.We believe that high standards are a good thing.What started as jewelry designs we wanted to place in our own jewelry boxes [&hellip;]<\/p>\n","protected":false},"author":2,"featured_media":0,"parent":0,"menu_order":0,"comment_status":"closed","ping_status":"closed","template":"elementor_header_footer","meta":{"footnotes":""},"class_list":["post-179","page","type-page","status-publish","hentry"],"yoast_head":"<!-- This site is optimized with the Yoast SEO plugin v27.4 - https:\/\/yoast.com\/product\/yoast-seo-wordpress\/ -->\n<title>About us - enklev.com<\/title>\n<meta name=\"robots\" content=\"noindex, follow, max-snippet:-1, max-image-preview:large, max-video-preview:-1\" \/>\n<meta property=\"og:locale\" content=\"sq_AL\" \/>\n<meta property=\"og:type\" content=\"article\" \/>\n<meta property=\"og:title\" content=\"About us - enklev.com\" \/>\n<meta property=\"og:description\" content=\"https:\/\/enklev.com\/wp-content\/uploads\/2026\/02\/rings-blue-rose.mp4https:\/\/enklev.com\/wp-content\/uploads\/2026\/03\/AQPTgPknHwuybShlMeOItD684YP1vIFkZierHR_rWcFOtJqoWJl7ILUTjeyrAd3c1JVYdYw00mhN2RAzDq5XEF_dHQ8S2BlipiGBnXk.mp4 Enklev is a jewelry brand specialized in creating fine jewelry made from 18kt gold with natural diamonds and precious gemstones.We combine modern 3D technology with traditional craftsmanship to create unique and high-quality jewelry.We believe that high standards are a good thing.What started as jewelry designs we wanted to place in our own jewelry boxes [&hellip;]\" \/>\n<meta property=\"og:url\" content=\"https:\/\/enklev.com\/sq\/about-us\/\" \/>\n<meta property=\"og:site_name\" content=\"enklev.com\" \/>\n<meta property=\"article:modified_time\" content=\"2026-03-28T13:43:29+00:00\" \/>\n<meta property=\"og:image\" content=\"https:\/\/enklev.com\/wp-content\/uploads\/2026\/03\/about-us-photoshop.png\" \/>\n<meta name=\"twitter:card\" content=\"summary_large_image\" \/>\n<meta name=\"twitter:label1\" content=\"Est. reading time\" \/>\n\t<meta name=\"twitter:data1\" content=\"1 minut\u00eb\" \/>\n<script type=\"application\/ld+json\" class=\"yoast-schema-graph\">{\"@context\":\"https:\\\/\\\/schema.org\",\"@graph\":[{\"@type\":\"WebPage\",\"@id\":\"https:\\\/\\\/enklev.com\\\/about-us\\\/\",\"url\":\"https:\\\/\\\/enklev.com\\\/about-us\\\/\",\"name\":\"About us - enklev.com\",\"isPartOf\":{\"@id\":\"https:\\\/\\\/enklev.com\\\/#website\"},\"primaryImageOfPage\":{\"@id\":\"https:\\\/\\\/enklev.com\\\/about-us\\\/#primaryimage\"},\"image\":{\"@id\":\"https:\\\/\\\/enklev.com\\\/about-us\\\/#primaryimage\"},\"thumbnailUrl\":\"https:\\\/\\\/enklev.com\\\/wp-content\\\/uploads\\\/2026\\\/03\\\/about-us-photoshop.png\",\"datePublished\":\"2025-12-31T11:00:55+00:00\",\"dateModified\":\"2026-03-28T13:43:29+00:00\",\"breadcrumb\":{\"@id\":\"https:\\\/\\\/enklev.com\\\/about-us\\\/#breadcrumb\"},\"inLanguage\":\"sq\",\"potentialAction\":[{\"@type\":\"ReadAction\",\"target\":[\"https:\\\/\\\/enklev.com\\\/about-us\\\/\"]}]},{\"@type\":\"ImageObject\",\"inLanguage\":\"sq\",\"@id\":\"https:\\\/\\\/enklev.com\\\/about-us\\\/#primaryimage\",\"url\":\"https:\\\/\\\/enklev.com\\\/wp-content\\\/uploads\\\/2026\\\/03\\\/about-us-photoshop.png\",\"contentUrl\":\"https:\\\/\\\/enklev.com\\\/wp-content\\\/uploads\\\/2026\\\/03\\\/about-us-photoshop.png\"},{\"@type\":\"BreadcrumbList\",\"@id\":\"https:\\\/\\\/enklev.com\\\/about-us\\\/#breadcrumb\",\"itemListElement\":[{\"@type\":\"ListItem\",\"position\":1,\"name\":\"Home\",\"item\":\"https:\\\/\\\/enklev.com\\\/\"},{\"@type\":\"ListItem\",\"position\":2,\"name\":\"About us\"}]},{\"@type\":\"WebSite\",\"@id\":\"https:\\\/\\\/enklev.com\\\/#website\",\"url\":\"https:\\\/\\\/enklev.com\\\/\",\"name\":\"enklev.com\",\"description\":\"\",\"publisher\":{\"@id\":\"https:\\\/\\\/enklev.com\\\/#organization\"},\"potentialAction\":[{\"@type\":\"SearchAction\",\"target\":{\"@type\":\"EntryPoint\",\"urlTemplate\":\"https:\\\/\\\/enklev.com\\\/?s={search_term_string}\"},\"query-input\":{\"@type\":\"PropertyValueSpecification\",\"valueRequired\":true,\"valueName\":\"search_term_string\"}}],\"inLanguage\":\"sq\"},{\"@type\":\"Organization\",\"@id\":\"https:\\\/\\\/enklev.com\\\/#organization\",\"name\":\"enklev.com\",\"url\":\"https:\\\/\\\/enklev.com\\\/\",\"logo\":{\"@type\":\"ImageObject\",\"inLanguage\":\"sq\",\"@id\":\"https:\\\/\\\/enklev.com\\\/#\\\/schema\\\/logo\\\/image\\\/\",\"url\":\"https:\\\/\\\/enklev.com\\\/wp-content\\\/uploads\\\/2025\\\/12\\\/303998892_477724231033153_5307318255116911891_n-Photoroom-e1774529994874.png\",\"contentUrl\":\"https:\\\/\\\/enklev.com\\\/wp-content\\\/uploads\\\/2025\\\/12\\\/303998892_477724231033153_5307318255116911891_n-Photoroom-e1774529994874.png\",\"width\":450,\"height\":225,\"caption\":\"enklev.com\"},\"image\":{\"@id\":\"https:\\\/\\\/enklev.com\\\/#\\\/schema\\\/logo\\\/image\\\/\"}}]}<\/script>\n<!-- \/ Yoast SEO plugin. -->","yoast_head_json":{"title":"About us - enklev.com","robots":{"index":"noindex","follow":"follow","max-snippet":"max-snippet:-1","max-image-preview":"max-image-preview:large","max-video-preview":"max-video-preview:-1"},"og_locale":"sq_AL","og_type":"article","og_title":"About us - enklev.com","og_description":"https:\/\/enklev.com\/wp-content\/uploads\/2026\/02\/rings-blue-rose.mp4https:\/\/enklev.com\/wp-content\/uploads\/2026\/03\/AQPTgPknHwuybShlMeOItD684YP1vIFkZierHR_rWcFOtJqoWJl7ILUTjeyrAd3c1JVYdYw00mhN2RAzDq5XEF_dHQ8S2BlipiGBnXk.mp4 Enklev is a jewelry brand specialized in creating fine jewelry made from 18kt gold with natural diamonds and precious gemstones.We combine modern 3D technology with traditional craftsmanship to create unique and high-quality jewelry.We believe that high standards are a good thing.What started as jewelry designs we wanted to place in our own jewelry boxes [&hellip;]","og_url":"https:\/\/enklev.com\/sq\/about-us\/","og_site_name":"enklev.com","article_modified_time":"2026-03-28T13:43:29+00:00","og_image":[{"url":"https:\/\/enklev.com\/wp-content\/uploads\/2026\/03\/about-us-photoshop.png","type":"","width":"","height":""}],"twitter_card":"summary_large_image","twitter_misc":{"Est. reading time":"1 minut\u00eb"},"schema":{"@context":"https:\/\/schema.org","@graph":[{"@type":"WebPage","@id":"https:\/\/enklev.com\/about-us\/","url":"https:\/\/enklev.com\/about-us\/","name":"About us - enklev.com","isPartOf":{"@id":"https:\/\/enklev.com\/#website"},"primaryImageOfPage":{"@id":"https:\/\/enklev.com\/about-us\/#primaryimage"},"image":{"@id":"https:\/\/enklev.com\/about-us\/#primaryimage"},"thumbnailUrl":"https:\/\/enklev.com\/wp-content\/uploads\/2026\/03\/about-us-photoshop.png","datePublished":"2025-12-31T11:00:55+00:00","dateModified":"2026-03-28T13:43:29+00:00","breadcrumb":{"@id":"https:\/\/enklev.com\/about-us\/#breadcrumb"},"inLanguage":"sq","potentialAction":[{"@type":"ReadAction","target":["https:\/\/enklev.com\/about-us\/"]}]},{"@type":"ImageObject","inLanguage":"sq","@id":"https:\/\/enklev.com\/about-us\/#primaryimage","url":"https:\/\/enklev.com\/wp-content\/uploads\/2026\/03\/about-us-photoshop.png","contentUrl":"https:\/\/enklev.com\/wp-content\/uploads\/2026\/03\/about-us-photoshop.png"},{"@type":"BreadcrumbList","@id":"https:\/\/enklev.com\/about-us\/#breadcrumb","itemListElement":[{"@type":"ListItem","position":1,"name":"Home","item":"https:\/\/enklev.com\/"},{"@type":"ListItem","position":2,"name":"About us"}]},{"@type":"WebSite","@id":"https:\/\/enklev.com\/#website","url":"https:\/\/enklev.com\/","name":"enklev.com","description":"","publisher":{"@id":"https:\/\/enklev.com\/#organization"},"potentialAction":[{"@type":"SearchAction","target":{"@type":"EntryPoint","urlTemplate":"https:\/\/enklev.com\/?s={search_term_string}"},"query-input":{"@type":"PropertyValueSpecification","valueRequired":true,"valueName":"search_term_string"}}],"inLanguage":"sq"},{"@type":"Organization","@id":"https:\/\/enklev.com\/#organization","name":"enklev.com","url":"https:\/\/enklev.com\/","logo":{"@type":"ImageObject","inLanguage":"sq","@id":"https:\/\/enklev.com\/#\/schema\/logo\/image\/","url":"https:\/\/enklev.com\/wp-content\/uploads\/2025\/12\/303998892_477724231033153_5307318255116911891_n-Photoroom-e1774529994874.png","contentUrl":"https:\/\/enklev.com\/wp-content\/uploads\/2025\/12\/303998892_477724231033153_5307318255116911891_n-Photoroom-e1774529994874.png","width":450,"height":225,"caption":"enklev.com"},"image":{"@id":"https:\/\/enklev.com\/#\/schema\/logo\/image\/"}}]}},"_links":{"self":[{"href":"https:\/\/enklev.com\/sq\/wp-json\/wp\/v2\/pages\/179","targetHints":{"allow":["GET"]}}],"collection":[{"href":"https:\/\/enklev.com\/sq\/wp-json\/wp\/v2\/pages"}],"about":[{"href":"https:\/\/enklev.com\/sq\/wp-json\/wp\/v2\/types\/page"}],"author":[{"embeddable":true,"href":"https:\/\/enklev.com\/sq\/wp-json\/wp\/v2\/users\/2"}],"replies":[{"embeddable":true,"href":"https:\/\/enklev.com\/sq\/wp-json\/wp\/v2\/comments?post=179"}],"version-history":[{"count":17,"href":"https:\/\/enklev.com\/sq\/wp-json\/wp\/v2\/pages\/179\/revisions"}],"predecessor-version":[{"id":1618,"href":"https:\/\/enklev.com\/sq\/wp-json\/wp\/v2\/pages\/179\/revisions\/1618"}],"wp:attachment":[{"href":"https:\/\/enklev.com\/sq\/wp-json\/wp\/v2\/media?parent=179"}],"curies":[{"name":"wp","href":"https:\/\/api.w.org\/{rel}","templated":true}]}}