{"id":250,"date":"2026-01-09T08:52:31","date_gmt":"2026-01-09T08:52:31","guid":{"rendered":"https:\/\/enklev.com\/?post_type=product&#038;p=250"},"modified":"2026-03-22T10:41:29","modified_gmt":"2026-03-22T10:41:29","slug":"18kt-marquise-1-5ct-lab-grown-diamond-ring","status":"publish","type":"product","link":"https:\/\/enklev.com\/sq\/produkt\/18kt-marquise-1-5ct-lab-grown-diamond-ring\/","title":{"rendered":"Unaz\u00eb ari 18kt me diamant laboratorik Marquise 1.5ct"},"content":{"rendered":"<p data-start=\"828\" data-end=\"1194\" class=\"translation-block\">E krijuar p\u00ebr sofistikim t\u00eb p\u00ebrjetsh\u00ebm, kjo unaz\u00eb ari 18kt Marquise 1.5ct me diamant laboratorik sjell shk\u00eblqim t\u00eb jasht\u00ebzakonsh\u00ebm, luks etik dhe dizajn elegant. N\u00eb qend\u00ebr q\u00ebndron nj\u00eb diamant laboratorik 1.50 karat\u00ebsh me prerje marquise, i p\u00ebrzgjedhur p\u00ebr form\u00ebn e tij t\u00eb hijshme e t\u00eb zgjatur dhe zjarrin brilant q\u00eb thekson dor\u00ebn tuaj me bukuri t\u00eb rafinuar.<\/p>\n<p data-start=\"2044\" data-end=\"2406\" class=\"translation-block\">Pse do ta p\u00eblqeni?\n\u00c7do detaj \u00ebsht\u00eb menduar me kujdes , nga zgjatja elegante e prerjes marquise q\u00eb e hijeshon dor\u00ebn, te ari premium 18kt q\u00eb plot\u00ebson shk\u00eblqimin e diamantit. Rezultati \u00ebsht\u00eb nj\u00eb unaz\u00eb q\u00eb feston stilin e q\u00ebndruesh\u00ebm, vler\u00ebn etike dhe mjesht\u00ebrin\u00eb e jasht\u00ebzakonshme, e p\u00ebrkryer p\u00ebr momentet m\u00eb t\u00eb \u00e7muara t\u00eb jet\u00ebs.<\/p>\n<p data-start=\"1196\" data-end=\"1215\"><strong data-start=\"1196\" data-end=\"1215\">Key Features:<\/strong><\/p>\n<ul data-start=\"1216\" data-end=\"2042\">\n<li data-start=\"1216\" data-end=\"1409\">\n<p data-start=\"1218\" data-end=\"1409\" class=\"translation-block\">Guri qendror: Diamant laboratorik 1.5ct me prerje marquise, me shk\u00eblqim dhe past\u00ebrti t\u00eb jasht\u00ebzakonshme, q\u00eb ofron vezullimin karakteristik t\u00eb diamanteve laboratorike premium.<\/p>\n<\/li>\n<li data-start=\"1410\" data-end=\"1567\">\n<p data-start=\"1412\" data-end=\"1567\" class=\"translation-block\">Metali: Unaz\u00eb prej ari premium 18kt, e disponueshme sipas zgjedhjes suaj n\u00eb ari t\u00eb verdh\u00eb klasik, ari t\u00eb bardh\u00eb elegant ose ari roz\u00eb modern.<\/p>\n<\/li>\n<li data-start=\"1568\" data-end=\"1762\">\n<p data-start=\"1570\" data-end=\"1762\" class=\"translation-block\">Etike &amp; e q\u00ebndrueshme: Diamantet laboratorike kan\u00eb t\u00eb nj\u00ebjtat veti fizike dhe optike si diamantet e nxjerra, me origjin\u00eb t\u00eb p\u00ebrgjegjshme dhe pa konflikte.<\/p>\n<\/li>\n<li data-start=\"1763\" data-end=\"1934\">\n<p data-start=\"1765\" data-end=\"1934\" class=\"translation-block\">Dizajni: Vendosje e past\u00ebr dhe e p\u00ebrjetshme q\u00eb thekson siluet\u00ebn marquise dhe rrit reflektimin e drit\u00ebs p\u00ebr shk\u00eblqim maksimal.<\/p>\n<\/li>\n<li data-start=\"1935\" data-end=\"2042\">\n<p data-start=\"1937\" data-end=\"2042\" class=\"translation-block\">P\u00ebrdorim i gjithansh\u00ebm: Ideale si unaz\u00eb fejese, dhurat\u00eb p\u00ebr raste t\u00eb ve\u00e7anta ose luks i p\u00ebrditsh\u00ebm p\u00ebr t\u2019u mbajtur.<\/p>\n<\/li>\n<\/ul>","protected":false},"excerpt":{"rendered":"<p>Ngrini \u00e7do moment me k\u00ebt\u00eb unaz\u00eb mahnit\u00ebse prej ari 18kt, e pajisur me nj\u00eb diamant laboratorik 1.5ct me prerje marquise. Forma e zgjatur marquise ofron shk\u00eblqim dhe vezullim t\u00eb jasht\u00ebzakonsh\u00ebm, nd\u00ebrsa diamanti i rritur n\u00eb laborator garanton nj\u00eb zgjedhje t\u00eb q\u00ebndrueshme dhe pa konflikte, pa b\u00ebr\u00eb kompromis me rrezatimin apo cil\u00ebsin\u00eb. E p\u00ebrkryer p\u00ebr fejesa, p\u00ebrvjetor\u00eb ose eleganc\u00eb t\u00eb p\u00ebrjetshme e t\u00eb p\u00ebrditshme.<\/p>","protected":false},"featured_media":252,"comment_status":"open","ping_status":"closed","template":"","meta":[],"product_brand":[],"product_cat":[193,186,44],"product_tag":[],"class_list":{"0":"post-250","1":"product","2":"type-product","3":"status-publish","4":"has-post-thumbnail","6":"product_cat-female","7":"product_cat-lab-grown-diamond","8":"product_cat-rings","10":"first","11":"instock","12":"shipping-taxable","13":"purchasable","14":"product-type-variable","15":"has-default-attributes"},"yoast_head":"<!-- This site is optimized with the Yoast SEO plugin v27.4 - https:\/\/yoast.com\/product\/yoast-seo-wordpress\/ -->\n<title>18kt Marquise 1.5ct Lab Grown Diamond Ring - enklev.com<\/title>\n<meta name=\"description\" content=\"Elevate every moment with this stunning 18kt gold ring featuring a 1.5ct marquise-cut lab grown diamond. The elongated marquise\" \/>\n<meta name=\"robots\" content=\"noindex, follow, max-snippet:-1, max-image-preview:large, max-video-preview:-1\" \/>\n<meta property=\"og:locale\" content=\"sq_AL\" \/>\n<meta property=\"og:type\" content=\"article\" \/>\n<meta property=\"og:title\" content=\"18kt Marquise 1.5ct Lab Grown Diamond Ring - enklev.com\" \/>\n<meta property=\"og:description\" content=\"Elevate every moment with this stunning 18kt gold ring featuring a 1.5ct marquise-cut lab grown diamond. The elongated marquise\" \/>\n<meta property=\"og:url\" content=\"https:\/\/enklev.com\/sq\/produkt\/18kt-marquise-1-5ct-lab-grown-diamond-ring\/\" \/>\n<meta property=\"og:site_name\" content=\"enklev.com\" \/>\n<meta property=\"article:modified_time\" content=\"2026-03-22T10:41:29+00:00\" \/>\n<meta property=\"og:image\" content=\"https:\/\/enklev.com\/wp-content\/uploads\/2026\/01\/ring-1.png\" \/>\n\t<meta property=\"og:image:width\" content=\"1024\" \/>\n\t<meta property=\"og:image:height\" content=\"1024\" \/>\n\t<meta property=\"og:image:type\" content=\"image\/png\" \/>\n<meta name=\"twitter:card\" content=\"summary_large_image\" \/>\n<meta name=\"twitter:label1\" content=\"Est. reading time\" \/>\n\t<meta name=\"twitter:data1\" content=\"1 minut\u00eb\" \/>\n<script type=\"application\/ld+json\" class=\"yoast-schema-graph\">{\"@context\":\"https:\\\/\\\/schema.org\",\"@graph\":[{\"@type\":\"WebPage\",\"@id\":\"https:\\\/\\\/enklev.com\\\/product\\\/18kt-marquise-1-5ct-lab-grown-diamond-ring\\\/\",\"url\":\"https:\\\/\\\/enklev.com\\\/product\\\/18kt-marquise-1-5ct-lab-grown-diamond-ring\\\/\",\"name\":\"18kt Marquise 1.5ct Lab Grown Diamond Ring - enklev.com\",\"isPartOf\":{\"@id\":\"https:\\\/\\\/enklev.com\\\/#website\"},\"primaryImageOfPage\":{\"@id\":\"https:\\\/\\\/enklev.com\\\/product\\\/18kt-marquise-1-5ct-lab-grown-diamond-ring\\\/#primaryimage\"},\"image\":{\"@id\":\"https:\\\/\\\/enklev.com\\\/product\\\/18kt-marquise-1-5ct-lab-grown-diamond-ring\\\/#primaryimage\"},\"thumbnailUrl\":\"https:\\\/\\\/enklev.com\\\/wp-content\\\/uploads\\\/2026\\\/01\\\/ring-1.png\",\"datePublished\":\"2026-01-09T08:52:31+00:00\",\"dateModified\":\"2026-03-22T10:41:29+00:00\",\"description\":\"Elevate every moment with this stunning 18kt gold ring featuring a 1.5ct marquise-cut lab grown diamond. The elongated marquise\",\"breadcrumb\":{\"@id\":\"https:\\\/\\\/enklev.com\\\/product\\\/18kt-marquise-1-5ct-lab-grown-diamond-ring\\\/#breadcrumb\"},\"inLanguage\":\"sq\",\"potentialAction\":[{\"@type\":\"ReadAction\",\"target\":[\"https:\\\/\\\/enklev.com\\\/product\\\/18kt-marquise-1-5ct-lab-grown-diamond-ring\\\/\"]}]},{\"@type\":\"ImageObject\",\"inLanguage\":\"sq\",\"@id\":\"https:\\\/\\\/enklev.com\\\/product\\\/18kt-marquise-1-5ct-lab-grown-diamond-ring\\\/#primaryimage\",\"url\":\"https:\\\/\\\/enklev.com\\\/wp-content\\\/uploads\\\/2026\\\/01\\\/ring-1.png\",\"contentUrl\":\"https:\\\/\\\/enklev.com\\\/wp-content\\\/uploads\\\/2026\\\/01\\\/ring-1.png\",\"width\":1024,\"height\":1024},{\"@type\":\"BreadcrumbList\",\"@id\":\"https:\\\/\\\/enklev.com\\\/product\\\/18kt-marquise-1-5ct-lab-grown-diamond-ring\\\/#breadcrumb\",\"itemListElement\":[{\"@type\":\"ListItem\",\"position\":1,\"name\":\"Home\",\"item\":\"https:\\\/\\\/enklev.com\\\/\"},{\"@type\":\"ListItem\",\"position\":2,\"name\":\"Products\",\"item\":\"https:\\\/\\\/enklev.com\\\/shop\\\/\"},{\"@type\":\"ListItem\",\"position\":3,\"name\":\"18kt Marquise 1.5ct Lab Grown Diamond Ring\"}]},{\"@type\":\"WebSite\",\"@id\":\"https:\\\/\\\/enklev.com\\\/#website\",\"url\":\"https:\\\/\\\/enklev.com\\\/\",\"name\":\"enklev.com\",\"description\":\"\",\"publisher\":{\"@id\":\"https:\\\/\\\/enklev.com\\\/#organization\"},\"potentialAction\":[{\"@type\":\"SearchAction\",\"target\":{\"@type\":\"EntryPoint\",\"urlTemplate\":\"https:\\\/\\\/enklev.com\\\/?s={search_term_string}\"},\"query-input\":{\"@type\":\"PropertyValueSpecification\",\"valueRequired\":true,\"valueName\":\"search_term_string\"}}],\"inLanguage\":\"sq\"},{\"@type\":\"Organization\",\"@id\":\"https:\\\/\\\/enklev.com\\\/#organization\",\"name\":\"enklev.com\",\"url\":\"https:\\\/\\\/enklev.com\\\/\",\"logo\":{\"@type\":\"ImageObject\",\"inLanguage\":\"sq\",\"@id\":\"https:\\\/\\\/enklev.com\\\/#\\\/schema\\\/logo\\\/image\\\/\",\"url\":\"https:\\\/\\\/enklev.com\\\/wp-content\\\/uploads\\\/2025\\\/12\\\/303998892_477724231033153_5307318255116911891_n-Photoroom-e1774529994874.png\",\"contentUrl\":\"https:\\\/\\\/enklev.com\\\/wp-content\\\/uploads\\\/2025\\\/12\\\/303998892_477724231033153_5307318255116911891_n-Photoroom-e1774529994874.png\",\"width\":450,\"height\":225,\"caption\":\"enklev.com\"},\"image\":{\"@id\":\"https:\\\/\\\/enklev.com\\\/#\\\/schema\\\/logo\\\/image\\\/\"}}]}<\/script>\n<!-- \/ Yoast SEO plugin. -->","yoast_head_json":{"title":"18kt Marquise 1.5ct Lab Grown Diamond Ring - enklev.com","description":"Elevate every moment with this stunning 18kt gold ring featuring a 1.5ct marquise-cut lab grown diamond. The elongated marquise","robots":{"index":"noindex","follow":"follow","max-snippet":"max-snippet:-1","max-image-preview":"max-image-preview:large","max-video-preview":"max-video-preview:-1"},"og_locale":"sq_AL","og_type":"article","og_title":"18kt Marquise 1.5ct Lab Grown Diamond Ring - enklev.com","og_description":"Elevate every moment with this stunning 18kt gold ring featuring a 1.5ct marquise-cut lab grown diamond. The elongated marquise","og_url":"https:\/\/enklev.com\/sq\/produkt\/18kt-marquise-1-5ct-lab-grown-diamond-ring\/","og_site_name":"enklev.com","article_modified_time":"2026-03-22T10:41:29+00:00","og_image":[{"width":1024,"height":1024,"url":"https:\/\/enklev.com\/wp-content\/uploads\/2026\/01\/ring-1.png","type":"image\/png"}],"twitter_card":"summary_large_image","twitter_misc":{"Est. reading time":"1 minut\u00eb"},"schema":{"@context":"https:\/\/schema.org","@graph":[{"@type":"WebPage","@id":"https:\/\/enklev.com\/product\/18kt-marquise-1-5ct-lab-grown-diamond-ring\/","url":"https:\/\/enklev.com\/product\/18kt-marquise-1-5ct-lab-grown-diamond-ring\/","name":"18kt Marquise 1.5ct Lab Grown Diamond Ring - enklev.com","isPartOf":{"@id":"https:\/\/enklev.com\/#website"},"primaryImageOfPage":{"@id":"https:\/\/enklev.com\/product\/18kt-marquise-1-5ct-lab-grown-diamond-ring\/#primaryimage"},"image":{"@id":"https:\/\/enklev.com\/product\/18kt-marquise-1-5ct-lab-grown-diamond-ring\/#primaryimage"},"thumbnailUrl":"https:\/\/enklev.com\/wp-content\/uploads\/2026\/01\/ring-1.png","datePublished":"2026-01-09T08:52:31+00:00","dateModified":"2026-03-22T10:41:29+00:00","description":"Elevate every moment with this stunning 18kt gold ring featuring a 1.5ct marquise-cut lab grown diamond. The elongated marquise","breadcrumb":{"@id":"https:\/\/enklev.com\/product\/18kt-marquise-1-5ct-lab-grown-diamond-ring\/#breadcrumb"},"inLanguage":"sq","potentialAction":[{"@type":"ReadAction","target":["https:\/\/enklev.com\/product\/18kt-marquise-1-5ct-lab-grown-diamond-ring\/"]}]},{"@type":"ImageObject","inLanguage":"sq","@id":"https:\/\/enklev.com\/product\/18kt-marquise-1-5ct-lab-grown-diamond-ring\/#primaryimage","url":"https:\/\/enklev.com\/wp-content\/uploads\/2026\/01\/ring-1.png","contentUrl":"https:\/\/enklev.com\/wp-content\/uploads\/2026\/01\/ring-1.png","width":1024,"height":1024},{"@type":"BreadcrumbList","@id":"https:\/\/enklev.com\/product\/18kt-marquise-1-5ct-lab-grown-diamond-ring\/#breadcrumb","itemListElement":[{"@type":"ListItem","position":1,"name":"Home","item":"https:\/\/enklev.com\/"},{"@type":"ListItem","position":2,"name":"Products","item":"https:\/\/enklev.com\/shop\/"},{"@type":"ListItem","position":3,"name":"18kt Marquise 1.5ct Lab Grown Diamond Ring"}]},{"@type":"WebSite","@id":"https:\/\/enklev.com\/#website","url":"https:\/\/enklev.com\/","name":"enklev.com","description":"","publisher":{"@id":"https:\/\/enklev.com\/#organization"},"potentialAction":[{"@type":"SearchAction","target":{"@type":"EntryPoint","urlTemplate":"https:\/\/enklev.com\/?s={search_term_string}"},"query-input":{"@type":"PropertyValueSpecification","valueRequired":true,"valueName":"search_term_string"}}],"inLanguage":"sq"},{"@type":"Organization","@id":"https:\/\/enklev.com\/#organization","name":"enklev.com","url":"https:\/\/enklev.com\/","logo":{"@type":"ImageObject","inLanguage":"sq","@id":"https:\/\/enklev.com\/#\/schema\/logo\/image\/","url":"https:\/\/enklev.com\/wp-content\/uploads\/2025\/12\/303998892_477724231033153_5307318255116911891_n-Photoroom-e1774529994874.png","contentUrl":"https:\/\/enklev.com\/wp-content\/uploads\/2025\/12\/303998892_477724231033153_5307318255116911891_n-Photoroom-e1774529994874.png","width":450,"height":225,"caption":"enklev.com"},"image":{"@id":"https:\/\/enklev.com\/#\/schema\/logo\/image\/"}}]}},"_links":{"self":[{"href":"https:\/\/enklev.com\/sq\/wp-json\/wp\/v2\/product\/250","targetHints":{"allow":["GET"]}}],"collection":[{"href":"https:\/\/enklev.com\/sq\/wp-json\/wp\/v2\/product"}],"about":[{"href":"https:\/\/enklev.com\/sq\/wp-json\/wp\/v2\/types\/product"}],"replies":[{"embeddable":true,"href":"https:\/\/enklev.com\/sq\/wp-json\/wp\/v2\/comments?post=250"}],"wp:featuredmedia":[{"embeddable":true,"href":"https:\/\/enklev.com\/sq\/wp-json\/wp\/v2\/media\/252"}],"wp:attachment":[{"href":"https:\/\/enklev.com\/sq\/wp-json\/wp\/v2\/media?parent=250"}],"wp:term":[{"taxonomy":"product_brand","embeddable":true,"href":"https:\/\/enklev.com\/sq\/wp-json\/wp\/v2\/product_brand?post=250"},{"taxonomy":"product_cat","embeddable":true,"href":"https:\/\/enklev.com\/sq\/wp-json\/wp\/v2\/product_cat?post=250"},{"taxonomy":"product_tag","embeddable":true,"href":"https:\/\/enklev.com\/sq\/wp-json\/wp\/v2\/product_tag?post=250"}],"curies":[{"name":"wp","href":"https:\/\/api.w.org\/{rel}","templated":true}]}}